{"id":143,"date":"2023-04-06T13:26:28","date_gmt":"2023-04-06T12:26:28","guid":{"rendered":"https:\/\/red11.co.uk\/?page_id=143"},"modified":"2024-11-20T21:56:30","modified_gmt":"2024-11-20T21:56:30","slug":"terms-conditions","status":"publish","type":"page","link":"https:\/\/amyloidosis-center-hub.ime.springerhealthcare.com\/pt\/terms-conditions\/","title":{"rendered":"Termos e condi\u00e7\u00f5es"},"content":{"rendered":"<p>\u00ab <a href=\"\/pt\/\">In\u00edcio<\/a><\/p>\n<h2>Introdu\u00e7\u00e3o<\/h2>\n<p>Estes Termos e Condi\u00e7\u00f5es regem o seu uso do nosso website. Ao utilizar o nosso website, voc\u00ea concorda com estes Termos e Condi\u00e7\u00f5es na \u00edntegra. Se voc\u00ea discordar destes Termos e Condi\u00e7\u00f5es ou de qualquer parte destes Termos e Condi\u00e7\u00f5es, voc\u00ea n\u00e3o deve usar o nosso website. N\u00e3o reconhecemos quaisquer termos e condi\u00e7\u00f5es conflitantes ou divergentes \u2013 a menos que tenhamos acordado especificamente de outra forma por escrito.<\/p>\n<p>Voc\u00ea deve ter pelo menos 18 anos de idade para usar nosso site. Ao usar nosso site e concordar com estes Termos e Condi\u00e7\u00f5es, voc\u00ea garante e declara que tem pelo menos 18 anos de idade.<\/p>\n<p>Nosso site usa cookies. Ao usar nosso site e concordar com estes Termos e Condi\u00e7\u00f5es, voc\u00ea concorda com nosso uso de cookies de acordo com os termos de nossa <a href=\"https:\/\/privacy.springerhealthcare.com\/ime\/\" target=\"_blank\">Pol\u00edtica de privacidade<\/a>.<\/p>\n<h2>Altera\u00e7\u00f5es em nossos Termos e Condi\u00e7\u00f5es<\/h2>\n<p>Estes Termos e Condi\u00e7\u00f5es podem ser atualizados a qualquer momento. Se for feita uma altera\u00e7\u00e3o significativa nos Termos e Condi\u00e7\u00f5es, voc\u00ea ser\u00e1 informado por meio de uma notifica\u00e7\u00e3o neste site. Dessa forma, revise os Termos e Condi\u00e7\u00f5es regularmente, pois voc\u00ea \u00e9 respons\u00e1vel por revisar regularmente nosso site para garantir a notifica\u00e7\u00e3o imediata de quaisquer atualiza\u00e7\u00f5es em nossos Termos e Condi\u00e7\u00f5es.<\/p>\n<p>Observe que, se voc\u00ea continuar a usar o site depois que os Termos e Condi\u00e7\u00f5es forem atualizados, seu uso continuado funcionar\u00e1 como notifica\u00e7\u00e3o e aceita\u00e7\u00e3o de quaisquer altera\u00e7\u00f5es. Portanto, se voc\u00ea n\u00e3o concordar com as altera\u00e7\u00f5es, dever\u00e1 interromper imediatamente o uso do site.<\/p>\n<p>Os Termos e Condi\u00e7\u00f5es que se aplicam ao seu uso do nosso site s\u00e3o aqueles que est\u00e3o em vigor no momento do acesso ou uso do nosso site, a menos que qualquer altera\u00e7\u00e3o a esses Termos e Condi\u00e7\u00f5es seja exigida por lei ou autoridade governamental. Nesses casos, os Termos e Condi\u00e7\u00f5es que se aplicam s\u00e3o aqueles na medida em que tais altera\u00e7\u00f5es tenham efeito retroativo na lei.\u00a0<\/p>\n<p>Os seguintes Termos e Condi\u00e7\u00f5es continuar\u00e3o em vigor, mesmo depois que o seu acesso de usu\u00e1rio expirar ou for cancelado:<\/p>\n<h2>Licen\u00e7a de uso do site<\/h2>\n<p>Todos os direitos autorais, direitos de propriedade e outros direitos de terceiros sobre o site e seu conte\u00fado permanecem de propriedade exclusiva de seus respectivos detentores e s\u00e3o protegidos adequadamente. Sujeitos \u00e0 licen\u00e7a abaixo, todos esses direitos de propriedade intelectual s\u00e3o reservados.<\/p>\n<p>Voc\u00ea pode visualizar, fazer download apenas para fins de cache e imprimir p\u00e1ginas do site para seu uso pessoal, sujeito \u00e0s restri\u00e7\u00f5es estabelecidas abaixo e em outras partes destes Termos e Condi\u00e7\u00f5es.<\/p>\n<p>Voc\u00ea n\u00e3o deve:<\/p>\n<ul>\n<li>Exceto com nossa aprova\u00e7\u00e3o pr\u00e9via por escrito, republicar material deste site (incluindo a republica\u00e7\u00e3o em outro site);<\/li>\n<li>vender, alugar ou sublicenciar material do site;<\/li>\n<li>mostrar qualquer material do site em p\u00fablico;<\/li>\n<li>reproduzir, duplicar, copiar ou de outra forma explorar o material em nosso site para fins comerciais;<\/li>\n<li>editar ou modificar de outra forma qualquer material no site; ou<\/li>\n<li>redistribuir o material deste site (exceto o conte\u00fado espec\u00edfica e expressamente disponibilizado para redistribui\u00e7\u00e3o).<\/li>\n<\/ul>\n<h2>Uso aceit\u00e1vel<\/h2>\n<p>Voc\u00ea pode usar o site, o conte\u00fado e os servi\u00e7os para fins legais, pessoais e n\u00e3o comerciais, somente conforme descrito nestes Termos e Condi\u00e7\u00f5es.\u00a0<\/p>\n<p>Voc\u00ea n\u00e3o deve usar nosso site de nenhuma forma que cause, ou possa causar, danos ao site ou preju\u00edzo \u00e0 disponibilidade ou acessibilidade do site; ou de qualquer forma que seja il\u00edcita, ilegal, fraudulenta ou prejudicial, ou em conex\u00e3o com qualquer finalidade ou atividade il\u00edcita, ilegal, fraudulenta ou prejudicial.<\/p>\n<p>Voc\u00ea n\u00e3o deve usar nosso site para copiar, vender, revender, armazenar, hospedar, transmitir, enviar, usar, publicar ou distribuir qualquer material que consista em (ou esteja vinculado a) spyware, v\u00edrus de computador, cavalo de Troia, worm, registrador de teclas, rootkit ou outro software malicioso de computador.<\/p>\n<p>Voc\u00ea n\u00e3o deve realizar nenhuma atividade sistem\u00e1tica ou automatizada de coleta de dados (incluindo, sem limita\u00e7\u00e3o, raspagem, minera\u00e7\u00e3o de dados, extra\u00e7\u00e3o de dados e coleta de dados) em nosso site ou em rela\u00e7\u00e3o a ele sem nosso consentimento expresso por escrito.<\/p>\n<p>Voc\u00ea n\u00e3o deve usar nosso site para transmitir ou enviar comunica\u00e7\u00f5es comerciais n\u00e3o solicitadas.<\/p>\n<p>Voc\u00ea n\u00e3o deve usar nosso site para quaisquer fins relacionados a marketing sem nosso consentimento expresso por escrito.<\/p>\n<h2>Acesso restrito<\/h2>\n<p>O acesso a determinadas \u00e1reas do nosso site \u00e9 restrito. Reservamo-nos o direito de restringir o acesso a outras \u00e1reas de nosso site, ou mesmo a todo o site, a nosso crit\u00e9rio.<\/p>\n<p>Se lhe fornecermos ou voc\u00ea gerar uma ID de usu\u00e1rio e uma senha para permitir o acesso a \u00e1reas restritas do nosso site ou a outros conte\u00fados ou servi\u00e7os, voc\u00ea dever\u00e1 garantir que a senha seja mantida em seguran\u00e7a e confidencialidade.<\/p>\n<p>Voc\u00ea deve nos notificar por escrito imediatamente caso tome conhecimento de qualquer uso n\u00e3o autorizado de sua conta ou senha.<\/p>\n<p>Voc\u00ea \u00e9 respons\u00e1vel por qualquer atividade em nosso site decorrente de qualquer falha em manter sua senha confidencial e pode ser responsabilizado por quaisquer perdas decorrentes de tal falha.<\/p>\n<p>Voc\u00ea n\u00e3o deve usar a ID de usu\u00e1rio e a senha de outra pessoa para acessar nosso site.<\/p>\n<p>Poderemos desativar sua ID de usu\u00e1rio e senha a qualquer momento, a nosso crit\u00e9rio exclusivo, com ou sem aviso ou explica\u00e7\u00e3o.<\/p>\n<h2>Altera\u00e7\u00f5es no site<\/h2>\n<p>Podemos, a qualquer momento e de tempos em tempos, adicionar, substituir, modificar ou descontinuar, tempor\u00e1ria ou permanentemente, o site, com ou sem aviso pr\u00e9vio.\u00a0<\/p>\n<p>Poderemos cancelar ou suspender seu acesso ao site com efeito imediato, a nosso crit\u00e9rio exclusivo e sem aviso pr\u00e9vio, se voc\u00ea violar estes Termos e Condi\u00e7\u00f5es. Removeremos qualquer material que viole estes Termos e Condi\u00e7\u00f5es ou nosso Aviso de Privacidade.<\/p>\n<h2>Conte\u00fado do usu\u00e1rio<\/h2>\n<p>Nestes Termos e Condi\u00e7\u00f5es, \u201cseu conte\u00fado\u201d significa qualquer material (incluindo, sem limita\u00e7\u00e3o, texto, imagens, material de \u00e1udio, material de v\u00eddeo e material audiovisual) que voc\u00ea enviar ao nosso site, para qualquer finalidade.<\/p>\n<p>Voc\u00ea concede \u00e0 Springer Healthcare Ltd. e a nossos parceiros uma licen\u00e7a mundial, irrevog\u00e1vel, n\u00e3o exclusiva e isenta de royalties para usar, reproduzir, adaptar, publicar, traduzir e distribuir seu conte\u00fado em qualquer m\u00eddia existente ou futura. Voc\u00ea tamb\u00e9m nos concede o direito de sublicenciar esses direitos e o direito de mover uma a\u00e7\u00e3o por viola\u00e7\u00e3o desses direitos.<\/p>\n<p>Voc\u00ea garante e declara que seu conte\u00fado cumprir\u00e1 estes Termos e Condi\u00e7\u00f5es.<\/p>\n<p>Seu conte\u00fado n\u00e3o deve ser ofensivo, obsceno, ilegal, il\u00edcito ou uma viola\u00e7\u00e3o dos direitos legais de terceiros e n\u00e3o deve ser capaz de dar origem a uma a\u00e7\u00e3o legal contra voc\u00ea, n\u00f3s ou terceiros (em cada caso, de acordo com qualquer lei aplic\u00e1vel).<\/p>\n<p>Voc\u00ea n\u00e3o deve enviar nenhum conte\u00fado para o site que seja ou j\u00e1 tenha sido objeto de qualquer amea\u00e7a ou processo legal real ou outra reclama\u00e7\u00e3o semelhante.<\/p>\n<p>Reservamo-nos o direito de editar ou remover qualquer material enviado ao nosso site, ou armazenado em nossos servidores, ou hospedado ou publicado em nosso site.<\/p>\n<p>N\u00e3o obstante nossos direitos sob estes Termos e Condi\u00e7\u00f5es em rela\u00e7\u00e3o ao seu conte\u00fado, n\u00e3o nos comprometemos a monitorar o envio de tal conte\u00fado ou a publica\u00e7\u00e3o de tal conte\u00fado em nosso site.<\/p>\n<h2>Garantias limitadas<\/h2>\n<p>N\u00e3o garantimos a integridade ou a precis\u00e3o das informa\u00e7\u00f5es publicadas neste site, nem nos comprometemos a garantir que o site permane\u00e7a dispon\u00edvel ou que o material do site seja mantido atualizado. Em particular, n\u00e3o garantimos que as fun\u00e7\u00f5es contidas no material contido neste site ser\u00e3o ininterruptas ou livres de erros, que os defeitos ser\u00e3o corrigidos, ou que este site ou o servidor que o disponibiliza esteja livre de v\u00edrus ou bugs ou represente a funcionalidade completa, a precis\u00e3o e a confiabilidade dos materiais.<\/p>\n<p>No que diz respeito \u00e0s informa\u00e7\u00f5es e aos produtos oferecidos por empresas e indiv\u00edduos de terceiros, fornecemos apenas a plataforma t\u00e9cnica. Esse conte\u00fado ou ofertas disponibilizados a voc\u00ea por terceiros s\u00e3o de propriedade de seus respectivos criadores, autores ou distribuidores, e n\u00e3o nossos. Portanto, para evitar d\u00favidas, n\u00e3o somos respons\u00e1veis, em nenhuma circunst\u00e2ncia, pela precis\u00e3o ou confiabilidade de tal conte\u00fado, informa\u00e7\u00f5es ou ofertas. Em particular, exceto conforme estabelecido nestes Termos e Condi\u00e7\u00f5es, n\u00e3o aceitamos nenhuma responsabilidade por qualquer perda ou dano em que voc\u00ea possa incorrer por confiar em tais informa\u00e7\u00f5es.\u00a0<\/p>\n<p>At\u00e9 o limite m\u00e1ximo permitido pela lei aplic\u00e1vel, exclu\u00edmos todas as representa\u00e7\u00f5es, garantias e condi\u00e7\u00f5es relacionadas a este site e ao uso deste site (incluindo, sem limita\u00e7\u00e3o, quaisquer garantias impl\u00edcitas por lei com rela\u00e7\u00e3o \u00e0 qualidade satisfat\u00f3ria, adequa\u00e7\u00e3o \u00e0 finalidade e\/ou uso de cuidado e habilidade razo\u00e1veis).<\/p>\n<h2>Limita\u00e7\u00f5es e exclus\u00f5es de responsabilidade<\/h2>\n<p>Nada nestes Termos e Condi\u00e7\u00f5es ir\u00e1: (a) limitar\u00e1 ou excluir\u00e1 a nossa responsabilidade ou a sua responsabilidade por morte ou danos pessoais resultantes de neglig\u00eancia; (b) limitar\u00e1 ou excluir\u00e1 a nossa responsabilidade ou a sua responsabilidade por fraude ou deturpa\u00e7\u00e3o fraudulenta; (c) limitar\u00e1 qualquer responsabilidade nossa ou sua de qualquer forma que n\u00e3o seja permitida pela legisla\u00e7\u00e3o aplic\u00e1vel; ou (d) excluir\u00e1 qualquer responsabilidade nossa ou sua que n\u00e3o possa ser exclu\u00edda pela legisla\u00e7\u00e3o aplic\u00e1vel.<\/p>\n<p>As limita\u00e7\u00f5es e exclus\u00f5es de responsabilidade estabelecidas nesta se\u00e7\u00e3o e em qualquer outra parte destes Termos e Condi\u00e7\u00f5es: (a) est\u00e3o sujeitas ao par\u00e1grafo anterior; e (b) regem todas as responsabilidades decorrentes destes Termos e Condi\u00e7\u00f5es ou em rela\u00e7\u00e3o ao assunto destes Termos e Condi\u00e7\u00f5es, incluindo responsabilidades decorrentes de contrato, ato il\u00edcito (incluindo neglig\u00eancia) e por viola\u00e7\u00e3o de dever estatut\u00e1rio.<\/p>\n<p>Na medida em que o site e as informa\u00e7\u00f5es e servi\u00e7os no site s\u00e3o fornecidos gratuitamente, n\u00e3o seremos respons\u00e1veis por qualquer perda ou dano de qualquer natureza.<\/p>\n<p>N\u00e3o seremos respons\u00e1veis perante o usu\u00e1rio em rela\u00e7\u00e3o a quaisquer perdas decorrentes de qualquer evento ou eventos fora de nosso controle razo\u00e1vel.<\/p>\n<p>N\u00e3o seremos respons\u00e1veis perante voc\u00ea por quaisquer perdas comerciais, incluindo (mas n\u00e3o se limitando a) perda ou dano a lucros, renda, receita, uso, produ\u00e7\u00e3o, economias antecipadas, neg\u00f3cios, contratos, oportunidades comerciais ou fundo de com\u00e9rcio.<\/p>\n<p>N\u00e3o seremos respons\u00e1veis perante voc\u00ea por qualquer perda ou corrup\u00e7\u00e3o de dados, banco de dados ou software.<\/p>\n<p>N\u00e3o seremos respons\u00e1veis perante voc\u00ea por qualquer perda ou dano especial, indireto ou consequencial.<\/p>\n<h2>Indeniza\u00e7\u00e3o<\/h2>\n<p>Voc\u00ea por meio desta nos indeniza e se compromete a nos manter indenizados contra quaisquer perdas, danos, custos, obriga\u00e7\u00f5es e despesas (incluindo, sem limita\u00e7\u00e3o, despesas legais e quaisquer valores pagos por n\u00f3s a terceiros para resolver uma reclama\u00e7\u00e3o ou disputa com o conselho de nossos consultores jur\u00eddicos) incorridos ou sofridos por n\u00f3s decorrentes de qualquer viola\u00e7\u00e3o por voc\u00ea de qualquer disposi\u00e7\u00e3o destes Termos e Condi\u00e7\u00f5es, ou decorrentes de qualquer reclama\u00e7\u00e3o de que voc\u00ea violou qualquer disposi\u00e7\u00e3o destes Termos e Condi\u00e7\u00f5es.<\/p>\n<h2>Viola\u00e7\u00f5es destes Termos e Condi\u00e7\u00f5es<\/h2>\n<p>Sem preju\u00edzo aos nossos outros direitos sob estes Termos e Condi\u00e7\u00f5es, se voc\u00ea violar estes Termos e Condi\u00e7\u00f5es de qualquer forma, poderemos tomar as medidas que considerarmos apropriadas para lidar com a viola\u00e7\u00e3o, incluindo a suspens\u00e3o do seu acesso ao site, a proibi\u00e7\u00e3o do seu acesso ao site, o bloqueio de computadores que utilizam seu endere\u00e7o IP de acessarem o site, o contato com seu provedor de servi\u00e7os de internet para solicitar o bloqueio do seu acesso ao site ou o ajuizamento de a\u00e7\u00f5es judiciais contra voc\u00ea.<\/p>\n<h2>Varia\u00e7\u00e3o<\/h2>\n<p>Podemos revisar estes Termos e Condi\u00e7\u00f5es periodicamente. Os Termos e Condi\u00e7\u00f5es revisados se aplicar\u00e3o ao uso do nosso site a partir da data de publica\u00e7\u00e3o dos Termos e Condi\u00e7\u00f5es revisados em nosso site.<\/p>\n<h2>Atribui\u00e7\u00e3o<\/h2>\n<p>Podemos transferir, subcontratar ou de outra forma lidar com nossos direitos ou obriga\u00e7\u00f5es sob estes Termos e Condi\u00e7\u00f5es sem notific\u00e1-lo ou obter seu consentimento.<\/p>\n<p>O usu\u00e1rio n\u00e3o poder\u00e1 transferir, subcontratar ou de outra forma negociar seus direitos ou obriga\u00e7\u00f5es nos termos destes Termos e Condi\u00e7\u00f5es.<\/p>\n<h2>Severabilidade<\/h2>\n<p>Se uma disposi\u00e7\u00e3o destes Termos e Condi\u00e7\u00f5es for determinada por qualquer tribunal ou outra autoridade competente como ilegal e\/ou inexequ\u00edvel, as demais disposi\u00e7\u00f5es continuar\u00e3o em vigor. Se qualquer disposi\u00e7\u00e3o ilegal e\/ou inexequ\u00edvel for legal ou exequ\u00edvel se parte dela for exclu\u00edda, essa parte ser\u00e1 considerada exclu\u00edda, e o restante da disposi\u00e7\u00e3o continuar\u00e1 em vigor.<\/p>\n<p>Exclus\u00e3o de direitos de terceiros<\/p>\n<p>Estes Termos e Condi\u00e7\u00f5es s\u00e3o para o benef\u00edcio de voc\u00ea e de n\u00f3s, e n\u00e3o se destinam a beneficiar terceiros ou a serem executados por terceiros. O exerc\u00edcio de nossos direitos e de seus direitos em rela\u00e7\u00e3o a estes Termos e Condi\u00e7\u00f5es n\u00e3o est\u00e1 sujeito ao consentimento de terceiros.<\/p>\n<h2>Contrato integral<\/h2>\n<p>Estes Termos e Condi\u00e7\u00f5es, juntamente com nossa pol\u00edtica de privacidade e pol\u00edtica de cookies, constituem o acordo integral entre o usu\u00e1rio e n\u00f3s em rela\u00e7\u00e3o ao uso de nosso site e substituem todos os acordos anteriores relativos ao uso de nosso site.<\/p>\n<h2>Direito e jurisdi\u00e7\u00e3o<\/h2>\n<p>Estes Termos e Condi\u00e7\u00f5es ser\u00e3o regidos e interpretados de acordo com a legisla\u00e7\u00e3o inglesa, e quaisquer disputas relacionadas a estes Termos e Condi\u00e7\u00f5es estar\u00e3o sujeitas \u00e0 jurisdi\u00e7\u00e3o exclusiva dos tribunais da Inglaterra e do Pa\u00eds de Gales.<\/p>\n<h2>Nossos detalhes<\/h2>\n<p>O nome completo da nossa empresa \u00e9 Springer Healthcare Limited.<\/p>\n<p>Estamos registrados na Inglaterra e no Pa\u00eds de Gales sob o n\u00famero de registro 06032554.<\/p>\n<p>Nosso endere\u00e7o registrado \u00e9 The Campus, 4 Crinan Street, London N1 9XW.<\/p>\n<p>Voc\u00ea pode entrar em contato conosco por e-mail para <a href=\"mailto:IME@springer.com\" target=\"_blank\">IME@springer.com<\/a><\/p>\n<p>Esta pol\u00edtica foi atualizada pela \u00faltima vez em 12 de maio de 2023.<\/p>\n<p>\u00ab <a href=\"\/pt\/\">In\u00edcio<\/a><\/p>","protected":false},"excerpt":{"rendered":"<p>&laquo; Home Introduction These Terms and Conditions govern your use of our website. By using our website, you agree to these Terms and Conditions in full. If you disagree with these Terms and Conditions or any part of these Terms and Conditions, you must not use our website. We do not recognise any conflicting or<\/p>","protected":false},"author":1,"featured_media":0,"parent":0,"menu_order":18,"comment_status":"closed","ping_status":"closed","template":"templates\/page-terms.php","meta":{"_acf_changed":false,"footnotes":""},"class_list":["post-143","page","type-page","status-publish","hentry"],"acf":[],"yoast_head":"<!-- This site is optimized with the Yoast SEO plugin v27.4 - https:\/\/yoast.com\/product\/yoast-seo-wordpress\/ -->\n<title>Terms &amp; Conditions - Amyloidosis Action - Expanding the global center network<\/title>\n<meta name=\"robots\" content=\"index, follow, max-snippet:-1, max-image-preview:large, max-video-preview:-1\" \/>\n<link rel=\"canonical\" href=\"https:\/\/amyloidosis-center-hub.ime.springerhealthcare.com\/pt\/terms-conditions\/\" \/>\n<meta property=\"og:locale\" content=\"pt_BR\" \/>\n<meta property=\"og:type\" content=\"article\" \/>\n<meta property=\"og:title\" content=\"Terms &amp; Conditions - Amyloidosis Action - Expanding the global center network\" \/>\n<meta property=\"og:description\" content=\"&laquo; Home Introduction These Terms and Conditions govern your use of our website. By using our website, you agree to these Terms and Conditions in full. If you disagree with these Terms and Conditions or any part of these Terms and Conditions, you must not use our website. We do not recognise any conflicting or\" \/>\n<meta property=\"og:url\" content=\"https:\/\/amyloidosis-center-hub.ime.springerhealthcare.com\/pt\/terms-conditions\/\" \/>\n<meta property=\"og:site_name\" content=\"Amyloidosis Action - Expanding the global center network\" \/>\n<meta property=\"article:modified_time\" content=\"2024-11-20T21:56:30+00:00\" \/>\n<meta property=\"og:image\" content=\"https:\/\/amyloidosis-center-hub.ime.springerhealthcare.com\/wp-content\/uploads\/2023\/11\/logo-springer.png\" \/>\n\t<meta property=\"og:image:width\" content=\"863\" \/>\n\t<meta property=\"og:image:height\" content=\"400\" \/>\n\t<meta property=\"og:image:type\" content=\"image\/png\" \/>\n<meta name=\"twitter:card\" content=\"summary_large_image\" \/>\n<meta name=\"twitter:label1\" content=\"Est. tempo de leitura\" \/>\n\t<meta name=\"twitter:data1\" content=\"10 minutos\" \/>\n<script type=\"application\/ld+json\" class=\"yoast-schema-graph\">{\"@context\":\"https:\\\/\\\/schema.org\",\"@graph\":[{\"@type\":\"WebPage\",\"@id\":\"https:\\\/\\\/amyloidosis-center-hub.ime.springerhealthcare.com\\\/terms-conditions\\\/\",\"url\":\"https:\\\/\\\/amyloidosis-center-hub.ime.springerhealthcare.com\\\/terms-conditions\\\/\",\"name\":\"Terms & Conditions - Amyloidosis Action - Expanding the global center network\",\"isPartOf\":{\"@id\":\"https:\\\/\\\/amyloidosis-center-hub.ime.springerhealthcare.com\\\/#website\"},\"datePublished\":\"2023-04-06T12:26:28+00:00\",\"dateModified\":\"2024-11-20T21:56:30+00:00\",\"breadcrumb\":{\"@id\":\"https:\\\/\\\/amyloidosis-center-hub.ime.springerhealthcare.com\\\/terms-conditions\\\/#breadcrumb\"},\"inLanguage\":\"pt-BR\",\"potentialAction\":[{\"@type\":\"ReadAction\",\"target\":[\"https:\\\/\\\/amyloidosis-center-hub.ime.springerhealthcare.com\\\/terms-conditions\\\/\"]}]},{\"@type\":\"BreadcrumbList\",\"@id\":\"https:\\\/\\\/amyloidosis-center-hub.ime.springerhealthcare.com\\\/terms-conditions\\\/#breadcrumb\",\"itemListElement\":[{\"@type\":\"ListItem\",\"position\":1,\"name\":\"Home\",\"item\":\"https:\\\/\\\/amyloidosis-center-hub.ime.springerhealthcare.com\\\/\"},{\"@type\":\"ListItem\",\"position\":2,\"name\":\"Terms &#038; Conditions\"}]},{\"@type\":\"WebSite\",\"@id\":\"https:\\\/\\\/amyloidosis-center-hub.ime.springerhealthcare.com\\\/#website\",\"url\":\"https:\\\/\\\/amyloidosis-center-hub.ime.springerhealthcare.com\\\/\",\"name\":\"Precision Oncology\",\"description\":\"\",\"publisher\":{\"@id\":\"https:\\\/\\\/amyloidosis-center-hub.ime.springerhealthcare.com\\\/#organization\"},\"potentialAction\":[{\"@type\":\"SearchAction\",\"target\":{\"@type\":\"EntryPoint\",\"urlTemplate\":\"https:\\\/\\\/amyloidosis-center-hub.ime.springerhealthcare.com\\\/?s={search_term_string}\"},\"query-input\":{\"@type\":\"PropertyValueSpecification\",\"valueRequired\":true,\"valueName\":\"search_term_string\"}}],\"inLanguage\":\"pt-BR\"},{\"@type\":\"Organization\",\"@id\":\"https:\\\/\\\/amyloidosis-center-hub.ime.springerhealthcare.com\\\/#organization\",\"name\":\"Springer Healthcare\",\"url\":\"https:\\\/\\\/amyloidosis-center-hub.ime.springerhealthcare.com\\\/\",\"logo\":{\"@type\":\"ImageObject\",\"inLanguage\":\"pt-BR\",\"@id\":\"https:\\\/\\\/amyloidosis-center-hub.ime.springerhealthcare.com\\\/#\\\/schema\\\/logo\\\/image\\\/\",\"url\":\"https:\\\/\\\/red11.co.uk\\\/wp-content\\\/uploads\\\/2023\\\/11\\\/logo-springer.png\",\"contentUrl\":\"https:\\\/\\\/red11.co.uk\\\/wp-content\\\/uploads\\\/2023\\\/11\\\/logo-springer.png\",\"width\":863,\"height\":400,\"caption\":\"Springer Healthcare\"},\"image\":{\"@id\":\"https:\\\/\\\/amyloidosis-center-hub.ime.springerhealthcare.com\\\/#\\\/schema\\\/logo\\\/image\\\/\"}}]}<\/script>\n<!-- \/ Yoast SEO plugin. -->","yoast_head_json":{"title":"Terms & Conditions - Amyloidosis Action - Expanding the global center network","robots":{"index":"index","follow":"follow","max-snippet":"max-snippet:-1","max-image-preview":"max-image-preview:large","max-video-preview":"max-video-preview:-1"},"canonical":"https:\/\/amyloidosis-center-hub.ime.springerhealthcare.com\/pt\/terms-conditions\/","og_locale":"pt_BR","og_type":"article","og_title":"Terms & Conditions - Amyloidosis Action - Expanding the global center network","og_description":"&laquo; Home Introduction These Terms and Conditions govern your use of our website. By using our website, you agree to these Terms and Conditions in full. If you disagree with these Terms and Conditions or any part of these Terms and Conditions, you must not use our website. We do not recognise any conflicting or","og_url":"https:\/\/amyloidosis-center-hub.ime.springerhealthcare.com\/pt\/terms-conditions\/","og_site_name":"Amyloidosis Action - Expanding the global center network","article_modified_time":"2024-11-20T21:56:30+00:00","og_image":[{"width":863,"height":400,"url":"https:\/\/amyloidosis-center-hub.ime.springerhealthcare.com\/wp-content\/uploads\/2023\/11\/logo-springer.png","type":"image\/png"}],"twitter_card":"summary_large_image","twitter_misc":{"Est. tempo de leitura":"10 minutos"},"schema":{"@context":"https:\/\/schema.org","@graph":[{"@type":"WebPage","@id":"https:\/\/amyloidosis-center-hub.ime.springerhealthcare.com\/terms-conditions\/","url":"https:\/\/amyloidosis-center-hub.ime.springerhealthcare.com\/terms-conditions\/","name":"Terms & Conditions - Amyloidosis Action - Expanding the global center network","isPartOf":{"@id":"https:\/\/amyloidosis-center-hub.ime.springerhealthcare.com\/#website"},"datePublished":"2023-04-06T12:26:28+00:00","dateModified":"2024-11-20T21:56:30+00:00","breadcrumb":{"@id":"https:\/\/amyloidosis-center-hub.ime.springerhealthcare.com\/terms-conditions\/#breadcrumb"},"inLanguage":"pt-BR","potentialAction":[{"@type":"ReadAction","target":["https:\/\/amyloidosis-center-hub.ime.springerhealthcare.com\/terms-conditions\/"]}]},{"@type":"BreadcrumbList","@id":"https:\/\/amyloidosis-center-hub.ime.springerhealthcare.com\/terms-conditions\/#breadcrumb","itemListElement":[{"@type":"ListItem","position":1,"name":"Home","item":"https:\/\/amyloidosis-center-hub.ime.springerhealthcare.com\/"},{"@type":"ListItem","position":2,"name":"Terms &#038; Conditions"}]},{"@type":"WebSite","@id":"https:\/\/amyloidosis-center-hub.ime.springerhealthcare.com\/#website","url":"https:\/\/amyloidosis-center-hub.ime.springerhealthcare.com\/","name":"Precision Oncology","description":"","publisher":{"@id":"https:\/\/amyloidosis-center-hub.ime.springerhealthcare.com\/#organization"},"potentialAction":[{"@type":"SearchAction","target":{"@type":"EntryPoint","urlTemplate":"https:\/\/amyloidosis-center-hub.ime.springerhealthcare.com\/?s={search_term_string}"},"query-input":{"@type":"PropertyValueSpecification","valueRequired":true,"valueName":"search_term_string"}}],"inLanguage":"pt-BR"},{"@type":"Organization","@id":"https:\/\/amyloidosis-center-hub.ime.springerhealthcare.com\/#organization","name":"Springer Healthcare","url":"https:\/\/amyloidosis-center-hub.ime.springerhealthcare.com\/","logo":{"@type":"ImageObject","inLanguage":"pt-BR","@id":"https:\/\/amyloidosis-center-hub.ime.springerhealthcare.com\/#\/schema\/logo\/image\/","url":"https:\/\/red11.co.uk\/wp-content\/uploads\/2023\/11\/logo-springer.png","contentUrl":"https:\/\/red11.co.uk\/wp-content\/uploads\/2023\/11\/logo-springer.png","width":863,"height":400,"caption":"Springer Healthcare"},"image":{"@id":"https:\/\/amyloidosis-center-hub.ime.springerhealthcare.com\/#\/schema\/logo\/image\/"}}]}},"_links":{"self":[{"href":"https:\/\/amyloidosis-center-hub.ime.springerhealthcare.com\/pt\/wp-json\/wp\/v2\/pages\/143","targetHints":{"allow":["GET"]}}],"collection":[{"href":"https:\/\/amyloidosis-center-hub.ime.springerhealthcare.com\/pt\/wp-json\/wp\/v2\/pages"}],"about":[{"href":"https:\/\/amyloidosis-center-hub.ime.springerhealthcare.com\/pt\/wp-json\/wp\/v2\/types\/page"}],"author":[{"embeddable":true,"href":"https:\/\/amyloidosis-center-hub.ime.springerhealthcare.com\/pt\/wp-json\/wp\/v2\/users\/1"}],"replies":[{"embeddable":true,"href":"https:\/\/amyloidosis-center-hub.ime.springerhealthcare.com\/pt\/wp-json\/wp\/v2\/comments?post=143"}],"version-history":[{"count":7,"href":"https:\/\/amyloidosis-center-hub.ime.springerhealthcare.com\/pt\/wp-json\/wp\/v2\/pages\/143\/revisions"}],"predecessor-version":[{"id":625,"href":"https:\/\/amyloidosis-center-hub.ime.springerhealthcare.com\/pt\/wp-json\/wp\/v2\/pages\/143\/revisions\/625"}],"wp:attachment":[{"href":"https:\/\/amyloidosis-center-hub.ime.springerhealthcare.com\/pt\/wp-json\/wp\/v2\/media?parent=143"}],"curies":[{"name":"wp","href":"https:\/\/api.w.org\/{rel}","templated":true}]}}