{"id":764,"date":"2025-11-28T14:37:55","date_gmt":"2025-11-28T14:37:55","guid":{"rendered":"https:\/\/amyloidosis-center-hub.ime.springerhealthcare.com\/?page_id=764"},"modified":"2025-11-28T14:37:55","modified_gmt":"2025-11-28T14:37:55","slug":"advocate","status":"publish","type":"page","link":"https:\/\/amyloidosis-center-hub.ime.springerhealthcare.com\/es\/advocate\/","title":{"rendered":"Defensor"},"content":{"rendered":"<h2>Kit de concienciaci\u00f3n y divulgaci\u00f3n - Pr\u00f3ximamente<\/h2>\n<p>Para ayudar a abogar por el cambio institucional y los recursos, se han dise\u00f1ado 3 nuevos kits de herramientas pr\u00e1cticos para usted:<\/p>\n<ul>\n<li>Deck de concientizaci\u00f3n personalizable: Presentaci\u00f3n adaptable con mensajes para apoyar la participaci\u00f3n del liderazgo del hospital, los responsables pol\u00edticos y el p\u00fablico<\/li>\n<li>Marco de datos de carga local: Gu\u00eda paso a paso para recopilar y presentar datos para construir un caso de inversi\u00f3n<\/li>\n<li>Gu\u00eda de participaci\u00f3n de partes interesadas: Estrategias pr\u00e1cticas y plantillas listas para usar para interactuar con sociedades nacionales, grupos de defensa y colaboradores externos<\/li>\n<\/ul>\n<p>Dirigida por Marianna Fontana y Thibaud Damy<\/p>\n<p>&nbsp; <\/p>\n<h2>\u00bfBuscas apoyo?<\/h2>\n<p>Estos recursos pr\u00e1cticos est\u00e1n dise\u00f1ados para ayudarte en el proceso de establecer tu propio centro de amiloidosis. Desc\u00e1rgalos hoy mismo para comenzar a crear un centro que pueda marcar una diferencia real en tu entorno de atenci\u00f3n m\u00e9dica:<\/p>","protected":false},"excerpt":{"rendered":"<p>Awareness and outreach toolkit &#8211; coming soon To help advocate for institutional change and resources 3 new practical toolkits have been designed for you: Customizable awareness deck: Adaptable presentation with messaging to support engagement with hospital leadership, policymakers and public audiences Local burden data framework: Step-by-step guidance on collecting and presenting data to build a<\/p>","protected":false},"author":1,"featured_media":0,"parent":0,"menu_order":7,"comment_status":"closed","ping_status":"closed","template":"templates\/page-toolkit.php","meta":{"_acf_changed":false,"footnotes":""},"class_list":["post-764","page","type-page","status-publish","hentry"],"acf":[],"yoast_head":"<!-- This site is optimized with the Yoast SEO plugin v27.4 - https:\/\/yoast.com\/product\/yoast-seo-wordpress\/ -->\n<title>Advocate - Amyloidosis Action - Expanding the global center network<\/title>\n<meta name=\"robots\" content=\"index, follow, max-snippet:-1, max-image-preview:large, max-video-preview:-1\" \/>\n<link rel=\"canonical\" href=\"https:\/\/amyloidosis-center-hub.ime.springerhealthcare.com\/es\/advocate\/\" \/>\n<meta property=\"og:locale\" content=\"es_ES\" \/>\n<meta property=\"og:type\" content=\"article\" \/>\n<meta property=\"og:title\" content=\"Advocate - Amyloidosis Action - Expanding the global center network\" \/>\n<meta property=\"og:description\" content=\"Awareness and outreach toolkit &#8211; coming soon To help advocate for institutional change and resources 3 new practical toolkits have been designed for you: Customizable awareness deck: Adaptable presentation with messaging to support engagement with hospital leadership, policymakers and public audiences Local burden data framework: Step-by-step guidance on collecting and presenting data to build a\" \/>\n<meta property=\"og:url\" content=\"https:\/\/amyloidosis-center-hub.ime.springerhealthcare.com\/es\/advocate\/\" \/>\n<meta property=\"og:site_name\" content=\"Amyloidosis Action - Expanding the global center network\" \/>\n<meta property=\"og:image\" content=\"https:\/\/amyloidosis-center-hub.ime.springerhealthcare.com\/wp-content\/uploads\/2023\/11\/logo-springer.png\" \/>\n\t<meta property=\"og:image:width\" content=\"863\" \/>\n\t<meta property=\"og:image:height\" content=\"400\" \/>\n\t<meta property=\"og:image:type\" content=\"image\/png\" \/>\n<meta name=\"twitter:card\" content=\"summary_large_image\" \/>\n<script type=\"application\/ld+json\" class=\"yoast-schema-graph\">{\"@context\":\"https:\\\/\\\/schema.org\",\"@graph\":[{\"@type\":\"WebPage\",\"@id\":\"https:\\\/\\\/amyloidosis-center-hub.ime.springerhealthcare.com\\\/advocate\\\/\",\"url\":\"https:\\\/\\\/amyloidosis-center-hub.ime.springerhealthcare.com\\\/advocate\\\/\",\"name\":\"Advocate - Amyloidosis Action - Expanding the global center network\",\"isPartOf\":{\"@id\":\"https:\\\/\\\/amyloidosis-center-hub.ime.springerhealthcare.com\\\/#website\"},\"datePublished\":\"2025-11-28T14:37:55+00:00\",\"breadcrumb\":{\"@id\":\"https:\\\/\\\/amyloidosis-center-hub.ime.springerhealthcare.com\\\/advocate\\\/#breadcrumb\"},\"inLanguage\":\"es\",\"potentialAction\":[{\"@type\":\"ReadAction\",\"target\":[\"https:\\\/\\\/amyloidosis-center-hub.ime.springerhealthcare.com\\\/advocate\\\/\"]}]},{\"@type\":\"BreadcrumbList\",\"@id\":\"https:\\\/\\\/amyloidosis-center-hub.ime.springerhealthcare.com\\\/advocate\\\/#breadcrumb\",\"itemListElement\":[{\"@type\":\"ListItem\",\"position\":1,\"name\":\"Home\",\"item\":\"https:\\\/\\\/amyloidosis-center-hub.ime.springerhealthcare.com\\\/\"},{\"@type\":\"ListItem\",\"position\":2,\"name\":\"Advocate\"}]},{\"@type\":\"WebSite\",\"@id\":\"https:\\\/\\\/amyloidosis-center-hub.ime.springerhealthcare.com\\\/#website\",\"url\":\"https:\\\/\\\/amyloidosis-center-hub.ime.springerhealthcare.com\\\/\",\"name\":\"Precision Oncology\",\"description\":\"\",\"publisher\":{\"@id\":\"https:\\\/\\\/amyloidosis-center-hub.ime.springerhealthcare.com\\\/#organization\"},\"potentialAction\":[{\"@type\":\"SearchAction\",\"target\":{\"@type\":\"EntryPoint\",\"urlTemplate\":\"https:\\\/\\\/amyloidosis-center-hub.ime.springerhealthcare.com\\\/?s={search_term_string}\"},\"query-input\":{\"@type\":\"PropertyValueSpecification\",\"valueRequired\":true,\"valueName\":\"search_term_string\"}}],\"inLanguage\":\"es\"},{\"@type\":\"Organization\",\"@id\":\"https:\\\/\\\/amyloidosis-center-hub.ime.springerhealthcare.com\\\/#organization\",\"name\":\"Springer Healthcare\",\"url\":\"https:\\\/\\\/amyloidosis-center-hub.ime.springerhealthcare.com\\\/\",\"logo\":{\"@type\":\"ImageObject\",\"inLanguage\":\"es\",\"@id\":\"https:\\\/\\\/amyloidosis-center-hub.ime.springerhealthcare.com\\\/#\\\/schema\\\/logo\\\/image\\\/\",\"url\":\"https:\\\/\\\/red11.co.uk\\\/wp-content\\\/uploads\\\/2023\\\/11\\\/logo-springer.png\",\"contentUrl\":\"https:\\\/\\\/red11.co.uk\\\/wp-content\\\/uploads\\\/2023\\\/11\\\/logo-springer.png\",\"width\":863,\"height\":400,\"caption\":\"Springer Healthcare\"},\"image\":{\"@id\":\"https:\\\/\\\/amyloidosis-center-hub.ime.springerhealthcare.com\\\/#\\\/schema\\\/logo\\\/image\\\/\"}}]}<\/script>\n<!-- \/ Yoast SEO plugin. -->","yoast_head_json":{"title":"Advocate - Amyloidosis Action - Expanding the global center network","robots":{"index":"index","follow":"follow","max-snippet":"max-snippet:-1","max-image-preview":"max-image-preview:large","max-video-preview":"max-video-preview:-1"},"canonical":"https:\/\/amyloidosis-center-hub.ime.springerhealthcare.com\/es\/advocate\/","og_locale":"es_ES","og_type":"article","og_title":"Advocate - Amyloidosis Action - Expanding the global center network","og_description":"Awareness and outreach toolkit &#8211; coming soon To help advocate for institutional change and resources 3 new practical toolkits have been designed for you: Customizable awareness deck: Adaptable presentation with messaging to support engagement with hospital leadership, policymakers and public audiences Local burden data framework: Step-by-step guidance on collecting and presenting data to build a","og_url":"https:\/\/amyloidosis-center-hub.ime.springerhealthcare.com\/es\/advocate\/","og_site_name":"Amyloidosis Action - Expanding the global center network","og_image":[{"width":863,"height":400,"url":"https:\/\/amyloidosis-center-hub.ime.springerhealthcare.com\/wp-content\/uploads\/2023\/11\/logo-springer.png","type":"image\/png"}],"twitter_card":"summary_large_image","schema":{"@context":"https:\/\/schema.org","@graph":[{"@type":"WebPage","@id":"https:\/\/amyloidosis-center-hub.ime.springerhealthcare.com\/advocate\/","url":"https:\/\/amyloidosis-center-hub.ime.springerhealthcare.com\/advocate\/","name":"Advocate - Amyloidosis Action - Expanding the global center network","isPartOf":{"@id":"https:\/\/amyloidosis-center-hub.ime.springerhealthcare.com\/#website"},"datePublished":"2025-11-28T14:37:55+00:00","breadcrumb":{"@id":"https:\/\/amyloidosis-center-hub.ime.springerhealthcare.com\/advocate\/#breadcrumb"},"inLanguage":"es","potentialAction":[{"@type":"ReadAction","target":["https:\/\/amyloidosis-center-hub.ime.springerhealthcare.com\/advocate\/"]}]},{"@type":"BreadcrumbList","@id":"https:\/\/amyloidosis-center-hub.ime.springerhealthcare.com\/advocate\/#breadcrumb","itemListElement":[{"@type":"ListItem","position":1,"name":"Home","item":"https:\/\/amyloidosis-center-hub.ime.springerhealthcare.com\/"},{"@type":"ListItem","position":2,"name":"Advocate"}]},{"@type":"WebSite","@id":"https:\/\/amyloidosis-center-hub.ime.springerhealthcare.com\/#website","url":"https:\/\/amyloidosis-center-hub.ime.springerhealthcare.com\/","name":"Precision Oncology","description":"","publisher":{"@id":"https:\/\/amyloidosis-center-hub.ime.springerhealthcare.com\/#organization"},"potentialAction":[{"@type":"SearchAction","target":{"@type":"EntryPoint","urlTemplate":"https:\/\/amyloidosis-center-hub.ime.springerhealthcare.com\/?s={search_term_string}"},"query-input":{"@type":"PropertyValueSpecification","valueRequired":true,"valueName":"search_term_string"}}],"inLanguage":"es"},{"@type":"Organization","@id":"https:\/\/amyloidosis-center-hub.ime.springerhealthcare.com\/#organization","name":"Springer Healthcare","url":"https:\/\/amyloidosis-center-hub.ime.springerhealthcare.com\/","logo":{"@type":"ImageObject","inLanguage":"es","@id":"https:\/\/amyloidosis-center-hub.ime.springerhealthcare.com\/#\/schema\/logo\/image\/","url":"https:\/\/red11.co.uk\/wp-content\/uploads\/2023\/11\/logo-springer.png","contentUrl":"https:\/\/red11.co.uk\/wp-content\/uploads\/2023\/11\/logo-springer.png","width":863,"height":400,"caption":"Springer Healthcare"},"image":{"@id":"https:\/\/amyloidosis-center-hub.ime.springerhealthcare.com\/#\/schema\/logo\/image\/"}}]}},"_links":{"self":[{"href":"https:\/\/amyloidosis-center-hub.ime.springerhealthcare.com\/es\/wp-json\/wp\/v2\/pages\/764","targetHints":{"allow":["GET"]}}],"collection":[{"href":"https:\/\/amyloidosis-center-hub.ime.springerhealthcare.com\/es\/wp-json\/wp\/v2\/pages"}],"about":[{"href":"https:\/\/amyloidosis-center-hub.ime.springerhealthcare.com\/es\/wp-json\/wp\/v2\/types\/page"}],"author":[{"embeddable":true,"href":"https:\/\/amyloidosis-center-hub.ime.springerhealthcare.com\/es\/wp-json\/wp\/v2\/users\/1"}],"replies":[{"embeddable":true,"href":"https:\/\/amyloidosis-center-hub.ime.springerhealthcare.com\/es\/wp-json\/wp\/v2\/comments?post=764"}],"version-history":[{"count":1,"href":"https:\/\/amyloidosis-center-hub.ime.springerhealthcare.com\/es\/wp-json\/wp\/v2\/pages\/764\/revisions"}],"predecessor-version":[{"id":765,"href":"https:\/\/amyloidosis-center-hub.ime.springerhealthcare.com\/es\/wp-json\/wp\/v2\/pages\/764\/revisions\/765"}],"wp:attachment":[{"href":"https:\/\/amyloidosis-center-hub.ime.springerhealthcare.com\/es\/wp-json\/wp\/v2\/media?parent=764"}],"curies":[{"name":"wp","href":"https:\/\/api.w.org\/{rel}","templated":true}]}}