{"id":585,"date":"2024-11-14T20:14:00","date_gmt":"2024-11-14T20:14:00","guid":{"rendered":"https:\/\/amyloidosis-center-hub.ime.springerhealthcare.com\/?page_id=585"},"modified":"2025-01-09T09:42:20","modified_gmt":"2025-01-09T09:42:20","slug":"japan-center","status":"publish","type":"page","link":"https:\/\/amyloidosis-center-hub.ime.springerhealthcare.com\/es\/inspiration\/success-stories\/japan-center\/","title":{"rendered":"Centro de Amiloidosis, Hospital Universitario de Kumamoto, Jap\u00f3n"},"content":{"rendered":"<p>La Universidad de Kumamoto estableci\u00f3 el Centro M\u00e9dico de Amiloidosis en 2012. El centro ha estado involucrado en la investigaci\u00f3n sobre amiloidosis, incluida la Encuesta de Amiloidosis Card\u00edaca de Kumamoto, que examin\u00f3 la incidencia, las caracter\u00edsticas cl\u00ednicas y los enfoques diagn\u00f3sticos para la miocardiopat\u00eda amiloide por transtiretina.<\/p>","protected":false},"excerpt":{"rendered":"<p>La Universidad de Kumamoto estableci\u00f3 el Centro M\u00e9dico de Amiloidosis en 2012. El centro ha estado involucrado en la investigaci\u00f3n sobre amiloidosis, incluida la Encuesta de Amiloidosis Card\u00edaca de Kumamoto, que examin\u00f3 la incidencia, las caracter\u00edsticas cl\u00ednicas y los enfoques diagn\u00f3sticos para la miocardiopat\u00eda amiloide por transtiretina.<\/p>","protected":false},"author":1,"featured_media":0,"parent":547,"menu_order":3,"comment_status":"closed","ping_status":"closed","template":"templates\/page-centers.php","meta":{"_acf_changed":false,"footnotes":""},"class_list":["post-585","page","type-page","status-publish","hentry"],"acf":[],"yoast_head":"<!-- This site is optimized with the Yoast SEO plugin v27.4 - https:\/\/yoast.com\/product\/yoast-seo-wordpress\/ -->\n<title>Amyloidosis Center, Kumamoto University Hospital, Japan - Amyloidosis Action - Expanding the global center network<\/title>\n<meta name=\"robots\" content=\"index, follow, max-snippet:-1, max-image-preview:large, max-video-preview:-1\" \/>\n<link rel=\"canonical\" href=\"https:\/\/amyloidosis-center-hub.ime.springerhealthcare.com\/es\/success-stories\/japan-center\/\" \/>\n<meta property=\"og:locale\" content=\"es_ES\" \/>\n<meta property=\"og:type\" content=\"article\" \/>\n<meta property=\"og:title\" content=\"Amyloidosis Center, Kumamoto University Hospital, Japan - Amyloidosis Action - Expanding the global center network\" \/>\n<meta property=\"og:description\" content=\"Kumamoto University established the Amyloidosis Medical Center in 2012. The center has been involved in research on amyloidosis, including the Kumamoto Cardiac Amyloidosis Survey, which examined the incidence, clinical characteristics, and diagnostic approaches for transthyretin amyloid cardiomyopathy.\" \/>\n<meta property=\"og:url\" content=\"https:\/\/amyloidosis-center-hub.ime.springerhealthcare.com\/es\/success-stories\/japan-center\/\" \/>\n<meta property=\"og:site_name\" content=\"Amyloidosis Action - Expanding the global center network\" \/>\n<meta property=\"article:modified_time\" content=\"2025-01-09T09:42:20+00:00\" \/>\n<meta property=\"og:image\" content=\"https:\/\/amyloidosis-center-hub.ime.springerhealthcare.com\/wp-content\/uploads\/2023\/11\/logo-springer.png\" \/>\n\t<meta property=\"og:image:width\" content=\"863\" \/>\n\t<meta property=\"og:image:height\" content=\"400\" \/>\n\t<meta property=\"og:image:type\" content=\"image\/png\" \/>\n<meta name=\"twitter:card\" content=\"summary_large_image\" \/>\n<meta name=\"twitter:label1\" content=\"Tiempo de lectura\" \/>\n\t<meta name=\"twitter:data1\" content=\"1 minuto\" \/>\n<script type=\"application\/ld+json\" class=\"yoast-schema-graph\">{\"@context\":\"https:\\\/\\\/schema.org\",\"@graph\":[{\"@type\":\"WebPage\",\"@id\":\"https:\\\/\\\/amyloidosis-center-hub.ime.springerhealthcare.com\\\/success-stories\\\/japan-center\\\/\",\"url\":\"https:\\\/\\\/amyloidosis-center-hub.ime.springerhealthcare.com\\\/success-stories\\\/japan-center\\\/\",\"name\":\"Amyloidosis Center, Kumamoto University Hospital, Japan - Amyloidosis Action - Expanding the global center network\",\"isPartOf\":{\"@id\":\"https:\\\/\\\/amyloidosis-center-hub.ime.springerhealthcare.com\\\/#website\"},\"datePublished\":\"2024-11-14T20:14:00+00:00\",\"dateModified\":\"2025-01-09T09:42:20+00:00\",\"breadcrumb\":{\"@id\":\"https:\\\/\\\/amyloidosis-center-hub.ime.springerhealthcare.com\\\/success-stories\\\/japan-center\\\/#breadcrumb\"},\"inLanguage\":\"es\",\"potentialAction\":[{\"@type\":\"ReadAction\",\"target\":[\"https:\\\/\\\/amyloidosis-center-hub.ime.springerhealthcare.com\\\/success-stories\\\/japan-center\\\/\"]}]},{\"@type\":\"BreadcrumbList\",\"@id\":\"https:\\\/\\\/amyloidosis-center-hub.ime.springerhealthcare.com\\\/success-stories\\\/japan-center\\\/#breadcrumb\",\"itemListElement\":[{\"@type\":\"ListItem\",\"position\":1,\"name\":\"Home\",\"item\":\"https:\\\/\\\/amyloidosis-center-hub.ime.springerhealthcare.com\\\/\"},{\"@type\":\"ListItem\",\"position\":2,\"name\":\"Success stories\",\"item\":\"https:\\\/\\\/amyloidosis-center-hub.ime.springerhealthcare.com\\\/success-stories\\\/\"},{\"@type\":\"ListItem\",\"position\":3,\"name\":\"Amyloidosis Center, Kumamoto University Hospital, Japan\"}]},{\"@type\":\"WebSite\",\"@id\":\"https:\\\/\\\/amyloidosis-center-hub.ime.springerhealthcare.com\\\/#website\",\"url\":\"https:\\\/\\\/amyloidosis-center-hub.ime.springerhealthcare.com\\\/\",\"name\":\"Precision Oncology\",\"description\":\"\",\"publisher\":{\"@id\":\"https:\\\/\\\/amyloidosis-center-hub.ime.springerhealthcare.com\\\/#organization\"},\"potentialAction\":[{\"@type\":\"SearchAction\",\"target\":{\"@type\":\"EntryPoint\",\"urlTemplate\":\"https:\\\/\\\/amyloidosis-center-hub.ime.springerhealthcare.com\\\/?s={search_term_string}\"},\"query-input\":{\"@type\":\"PropertyValueSpecification\",\"valueRequired\":true,\"valueName\":\"search_term_string\"}}],\"inLanguage\":\"es\"},{\"@type\":\"Organization\",\"@id\":\"https:\\\/\\\/amyloidosis-center-hub.ime.springerhealthcare.com\\\/#organization\",\"name\":\"Springer Healthcare\",\"url\":\"https:\\\/\\\/amyloidosis-center-hub.ime.springerhealthcare.com\\\/\",\"logo\":{\"@type\":\"ImageObject\",\"inLanguage\":\"es\",\"@id\":\"https:\\\/\\\/amyloidosis-center-hub.ime.springerhealthcare.com\\\/#\\\/schema\\\/logo\\\/image\\\/\",\"url\":\"https:\\\/\\\/red11.co.uk\\\/wp-content\\\/uploads\\\/2023\\\/11\\\/logo-springer.png\",\"contentUrl\":\"https:\\\/\\\/red11.co.uk\\\/wp-content\\\/uploads\\\/2023\\\/11\\\/logo-springer.png\",\"width\":863,\"height\":400,\"caption\":\"Springer Healthcare\"},\"image\":{\"@id\":\"https:\\\/\\\/amyloidosis-center-hub.ime.springerhealthcare.com\\\/#\\\/schema\\\/logo\\\/image\\\/\"}}]}<\/script>\n<!-- \/ Yoast SEO plugin. -->","yoast_head_json":{"title":"Amyloidosis Center, Kumamoto University Hospital, Japan - Amyloidosis Action - Expanding the global center network","robots":{"index":"index","follow":"follow","max-snippet":"max-snippet:-1","max-image-preview":"max-image-preview:large","max-video-preview":"max-video-preview:-1"},"canonical":"https:\/\/amyloidosis-center-hub.ime.springerhealthcare.com\/es\/success-stories\/japan-center\/","og_locale":"es_ES","og_type":"article","og_title":"Amyloidosis Center, Kumamoto University Hospital, Japan - Amyloidosis Action - Expanding the global center network","og_description":"Kumamoto University established the Amyloidosis Medical Center in 2012. The center has been involved in research on amyloidosis, including the Kumamoto Cardiac Amyloidosis Survey, which examined the incidence, clinical characteristics, and diagnostic approaches for transthyretin amyloid cardiomyopathy.","og_url":"https:\/\/amyloidosis-center-hub.ime.springerhealthcare.com\/es\/success-stories\/japan-center\/","og_site_name":"Amyloidosis Action - Expanding the global center network","article_modified_time":"2025-01-09T09:42:20+00:00","og_image":[{"width":863,"height":400,"url":"https:\/\/amyloidosis-center-hub.ime.springerhealthcare.com\/wp-content\/uploads\/2023\/11\/logo-springer.png","type":"image\/png"}],"twitter_card":"summary_large_image","twitter_misc":{"Tiempo de lectura":"1 minuto"},"schema":{"@context":"https:\/\/schema.org","@graph":[{"@type":"WebPage","@id":"https:\/\/amyloidosis-center-hub.ime.springerhealthcare.com\/success-stories\/japan-center\/","url":"https:\/\/amyloidosis-center-hub.ime.springerhealthcare.com\/success-stories\/japan-center\/","name":"Amyloidosis Center, Kumamoto University Hospital, Japan - Amyloidosis Action - Expanding the global center network","isPartOf":{"@id":"https:\/\/amyloidosis-center-hub.ime.springerhealthcare.com\/#website"},"datePublished":"2024-11-14T20:14:00+00:00","dateModified":"2025-01-09T09:42:20+00:00","breadcrumb":{"@id":"https:\/\/amyloidosis-center-hub.ime.springerhealthcare.com\/success-stories\/japan-center\/#breadcrumb"},"inLanguage":"es","potentialAction":[{"@type":"ReadAction","target":["https:\/\/amyloidosis-center-hub.ime.springerhealthcare.com\/success-stories\/japan-center\/"]}]},{"@type":"BreadcrumbList","@id":"https:\/\/amyloidosis-center-hub.ime.springerhealthcare.com\/success-stories\/japan-center\/#breadcrumb","itemListElement":[{"@type":"ListItem","position":1,"name":"Home","item":"https:\/\/amyloidosis-center-hub.ime.springerhealthcare.com\/"},{"@type":"ListItem","position":2,"name":"Success stories","item":"https:\/\/amyloidosis-center-hub.ime.springerhealthcare.com\/success-stories\/"},{"@type":"ListItem","position":3,"name":"Amyloidosis Center, Kumamoto University Hospital, Japan"}]},{"@type":"WebSite","@id":"https:\/\/amyloidosis-center-hub.ime.springerhealthcare.com\/#website","url":"https:\/\/amyloidosis-center-hub.ime.springerhealthcare.com\/","name":"Precision Oncology","description":"","publisher":{"@id":"https:\/\/amyloidosis-center-hub.ime.springerhealthcare.com\/#organization"},"potentialAction":[{"@type":"SearchAction","target":{"@type":"EntryPoint","urlTemplate":"https:\/\/amyloidosis-center-hub.ime.springerhealthcare.com\/?s={search_term_string}"},"query-input":{"@type":"PropertyValueSpecification","valueRequired":true,"valueName":"search_term_string"}}],"inLanguage":"es"},{"@type":"Organization","@id":"https:\/\/amyloidosis-center-hub.ime.springerhealthcare.com\/#organization","name":"Springer Healthcare","url":"https:\/\/amyloidosis-center-hub.ime.springerhealthcare.com\/","logo":{"@type":"ImageObject","inLanguage":"es","@id":"https:\/\/amyloidosis-center-hub.ime.springerhealthcare.com\/#\/schema\/logo\/image\/","url":"https:\/\/red11.co.uk\/wp-content\/uploads\/2023\/11\/logo-springer.png","contentUrl":"https:\/\/red11.co.uk\/wp-content\/uploads\/2023\/11\/logo-springer.png","width":863,"height":400,"caption":"Springer Healthcare"},"image":{"@id":"https:\/\/amyloidosis-center-hub.ime.springerhealthcare.com\/#\/schema\/logo\/image\/"}}]}},"_links":{"self":[{"href":"https:\/\/amyloidosis-center-hub.ime.springerhealthcare.com\/es\/wp-json\/wp\/v2\/pages\/585","targetHints":{"allow":["GET"]}}],"collection":[{"href":"https:\/\/amyloidosis-center-hub.ime.springerhealthcare.com\/es\/wp-json\/wp\/v2\/pages"}],"about":[{"href":"https:\/\/amyloidosis-center-hub.ime.springerhealthcare.com\/es\/wp-json\/wp\/v2\/types\/page"}],"author":[{"embeddable":true,"href":"https:\/\/amyloidosis-center-hub.ime.springerhealthcare.com\/es\/wp-json\/wp\/v2\/users\/1"}],"replies":[{"embeddable":true,"href":"https:\/\/amyloidosis-center-hub.ime.springerhealthcare.com\/es\/wp-json\/wp\/v2\/comments?post=585"}],"version-history":[{"count":11,"href":"https:\/\/amyloidosis-center-hub.ime.springerhealthcare.com\/es\/wp-json\/wp\/v2\/pages\/585\/revisions"}],"predecessor-version":[{"id":665,"href":"https:\/\/amyloidosis-center-hub.ime.springerhealthcare.com\/es\/wp-json\/wp\/v2\/pages\/585\/revisions\/665"}],"up":[{"embeddable":true,"href":"https:\/\/amyloidosis-center-hub.ime.springerhealthcare.com\/es\/wp-json\/wp\/v2\/pages\/547"}],"wp:attachment":[{"href":"https:\/\/amyloidosis-center-hub.ime.springerhealthcare.com\/es\/wp-json\/wp\/v2\/media?parent=585"}],"curies":[{"name":"wp","href":"https:\/\/api.w.org\/{rel}","templated":true}]}}