{"id":572,"date":"2024-10-08T15:21:20","date_gmt":"2024-10-08T14:21:20","guid":{"rendered":"https:\/\/amyloidosis-center-hub.ime.springerhealthcare.com\/?page_id=572"},"modified":"2024-11-21T21:29:03","modified_gmt":"2024-11-21T21:29:03","slug":"italy-center","status":"publish","type":"page","link":"https:\/\/amyloidosis-center-hub.ime.springerhealthcare.com\/es\/inspiration\/success-stories\/italy-center\/","title":{"rendered":"El Centro de Investigaci\u00f3n y Tratamiento de Amiloidosis de la Fondazione IRCCS Policlinico San Matteo"},"content":{"rendered":"<p>El Centro de Investigaci\u00f3n y Tratamiento de Amiloidosis de la Fondazione IRCCS Policlinico San Matteo es un centro nacional de referencia terciaria para la amiloidosis sist\u00e9mica y las enfermedades autoinflamatorias. Es reconocido internacionalmente por su experiencia multidisciplinaria en el diagn\u00f3stico y tratamiento de todas las formas de amiloidosis sist\u00e9mica. Coordina el Grupo de Estudio Italiano de Amiloidosis, que comprende m\u00e1s de 60 instituciones cl\u00ednicas.<\/p>","protected":false},"excerpt":{"rendered":"<p>El Centro de Investigaci\u00f3n y Tratamiento de Amiloidosis de la Fondazione IRCCS Policlinico San Matteo es un centro nacional de referencia terciaria para la amiloidosis sist\u00e9mica y las enfermedades autoinflamatorias. Es reconocido internacionalmente por su experiencia multidisciplinaria en el diagn\u00f3stico y tratamiento de todas las formas de amiloidosis sist\u00e9mica. Coordina el Grupo de Estudio Italiano de Amiloidosis, que comprende m\u00e1s de 60 instituciones cl\u00ednicas.<\/p>","protected":false},"author":1,"featured_media":0,"parent":547,"menu_order":2,"comment_status":"closed","ping_status":"closed","template":"templates\/page-centers.php","meta":{"_acf_changed":false,"footnotes":""},"class_list":["post-572","page","type-page","status-publish","hentry"],"acf":[],"yoast_head":"<!-- This site is optimized with the Yoast SEO plugin v27.4 - https:\/\/yoast.com\/product\/yoast-seo-wordpress\/ -->\n<title>The Amyloidosis Research and Treatment Center at Fondazione IRCCS Policlinico San Matteo - Amyloidosis Action - Expanding the global center network<\/title>\n<meta name=\"robots\" content=\"index, follow, max-snippet:-1, max-image-preview:large, max-video-preview:-1\" \/>\n<link rel=\"canonical\" href=\"https:\/\/amyloidosis-center-hub.ime.springerhealthcare.com\/es\/success-stories\/italy-center\/\" \/>\n<meta property=\"og:locale\" content=\"es_ES\" \/>\n<meta property=\"og:type\" content=\"article\" \/>\n<meta property=\"og:title\" content=\"The Amyloidosis Research and Treatment Center at Fondazione IRCCS Policlinico San Matteo - Amyloidosis Action - Expanding the global center network\" \/>\n<meta property=\"og:description\" content=\"The Amyloidosis Research and Treatment Center at Fondazione IRCCS Policlinico San Matteo is a national tertiary referral center for systemic amyloidosis and autoinflammatory diseases. It is internationally recognized for its multidisciplinary expertise in diagnosis and treating all forms of systemic amyloidosis. It coordinates the Italian Amyloidosis Study Group, which comprises over 60 clinical institutions.\" \/>\n<meta property=\"og:url\" content=\"https:\/\/amyloidosis-center-hub.ime.springerhealthcare.com\/es\/success-stories\/italy-center\/\" \/>\n<meta property=\"og:site_name\" content=\"Amyloidosis Action - Expanding the global center network\" \/>\n<meta property=\"article:modified_time\" content=\"2024-11-21T21:29:03+00:00\" \/>\n<meta property=\"og:image\" content=\"https:\/\/amyloidosis-center-hub.ime.springerhealthcare.com\/wp-content\/uploads\/2023\/11\/logo-springer.png\" \/>\n\t<meta property=\"og:image:width\" content=\"863\" \/>\n\t<meta property=\"og:image:height\" content=\"400\" \/>\n\t<meta property=\"og:image:type\" content=\"image\/png\" \/>\n<meta name=\"twitter:card\" content=\"summary_large_image\" \/>\n<meta name=\"twitter:label1\" content=\"Tiempo de lectura\" \/>\n\t<meta name=\"twitter:data1\" content=\"1 minuto\" \/>\n<script type=\"application\/ld+json\" class=\"yoast-schema-graph\">{\"@context\":\"https:\\\/\\\/schema.org\",\"@graph\":[{\"@type\":\"WebPage\",\"@id\":\"https:\\\/\\\/amyloidosis-center-hub.ime.springerhealthcare.com\\\/success-stories\\\/italy-center\\\/\",\"url\":\"https:\\\/\\\/amyloidosis-center-hub.ime.springerhealthcare.com\\\/success-stories\\\/italy-center\\\/\",\"name\":\"The Amyloidosis Research and Treatment Center at Fondazione IRCCS Policlinico San Matteo - Amyloidosis Action - Expanding the global center network\",\"isPartOf\":{\"@id\":\"https:\\\/\\\/amyloidosis-center-hub.ime.springerhealthcare.com\\\/#website\"},\"datePublished\":\"2024-10-08T14:21:20+00:00\",\"dateModified\":\"2024-11-21T21:29:03+00:00\",\"breadcrumb\":{\"@id\":\"https:\\\/\\\/amyloidosis-center-hub.ime.springerhealthcare.com\\\/success-stories\\\/italy-center\\\/#breadcrumb\"},\"inLanguage\":\"es\",\"potentialAction\":[{\"@type\":\"ReadAction\",\"target\":[\"https:\\\/\\\/amyloidosis-center-hub.ime.springerhealthcare.com\\\/success-stories\\\/italy-center\\\/\"]}]},{\"@type\":\"BreadcrumbList\",\"@id\":\"https:\\\/\\\/amyloidosis-center-hub.ime.springerhealthcare.com\\\/success-stories\\\/italy-center\\\/#breadcrumb\",\"itemListElement\":[{\"@type\":\"ListItem\",\"position\":1,\"name\":\"Home\",\"item\":\"https:\\\/\\\/amyloidosis-center-hub.ime.springerhealthcare.com\\\/\"},{\"@type\":\"ListItem\",\"position\":2,\"name\":\"Success stories\",\"item\":\"https:\\\/\\\/amyloidosis-center-hub.ime.springerhealthcare.com\\\/success-stories\\\/\"},{\"@type\":\"ListItem\",\"position\":3,\"name\":\"The Amyloidosis Research and Treatment Center at Fondazione IRCCS Policlinico San Matteo\"}]},{\"@type\":\"WebSite\",\"@id\":\"https:\\\/\\\/amyloidosis-center-hub.ime.springerhealthcare.com\\\/#website\",\"url\":\"https:\\\/\\\/amyloidosis-center-hub.ime.springerhealthcare.com\\\/\",\"name\":\"Precision Oncology\",\"description\":\"\",\"publisher\":{\"@id\":\"https:\\\/\\\/amyloidosis-center-hub.ime.springerhealthcare.com\\\/#organization\"},\"potentialAction\":[{\"@type\":\"SearchAction\",\"target\":{\"@type\":\"EntryPoint\",\"urlTemplate\":\"https:\\\/\\\/amyloidosis-center-hub.ime.springerhealthcare.com\\\/?s={search_term_string}\"},\"query-input\":{\"@type\":\"PropertyValueSpecification\",\"valueRequired\":true,\"valueName\":\"search_term_string\"}}],\"inLanguage\":\"es\"},{\"@type\":\"Organization\",\"@id\":\"https:\\\/\\\/amyloidosis-center-hub.ime.springerhealthcare.com\\\/#organization\",\"name\":\"Springer Healthcare\",\"url\":\"https:\\\/\\\/amyloidosis-center-hub.ime.springerhealthcare.com\\\/\",\"logo\":{\"@type\":\"ImageObject\",\"inLanguage\":\"es\",\"@id\":\"https:\\\/\\\/amyloidosis-center-hub.ime.springerhealthcare.com\\\/#\\\/schema\\\/logo\\\/image\\\/\",\"url\":\"https:\\\/\\\/red11.co.uk\\\/wp-content\\\/uploads\\\/2023\\\/11\\\/logo-springer.png\",\"contentUrl\":\"https:\\\/\\\/red11.co.uk\\\/wp-content\\\/uploads\\\/2023\\\/11\\\/logo-springer.png\",\"width\":863,\"height\":400,\"caption\":\"Springer Healthcare\"},\"image\":{\"@id\":\"https:\\\/\\\/amyloidosis-center-hub.ime.springerhealthcare.com\\\/#\\\/schema\\\/logo\\\/image\\\/\"}}]}<\/script>\n<!-- \/ Yoast SEO plugin. -->","yoast_head_json":{"title":"The Amyloidosis Research and Treatment Center at Fondazione IRCCS Policlinico San Matteo - Amyloidosis Action - Expanding the global center network","robots":{"index":"index","follow":"follow","max-snippet":"max-snippet:-1","max-image-preview":"max-image-preview:large","max-video-preview":"max-video-preview:-1"},"canonical":"https:\/\/amyloidosis-center-hub.ime.springerhealthcare.com\/es\/success-stories\/italy-center\/","og_locale":"es_ES","og_type":"article","og_title":"The Amyloidosis Research and Treatment Center at Fondazione IRCCS Policlinico San Matteo - Amyloidosis Action - Expanding the global center network","og_description":"The Amyloidosis Research and Treatment Center at Fondazione IRCCS Policlinico San Matteo is a national tertiary referral center for systemic amyloidosis and autoinflammatory diseases. It is internationally recognized for its multidisciplinary expertise in diagnosis and treating all forms of systemic amyloidosis. It coordinates the Italian Amyloidosis Study Group, which comprises over 60 clinical institutions.","og_url":"https:\/\/amyloidosis-center-hub.ime.springerhealthcare.com\/es\/success-stories\/italy-center\/","og_site_name":"Amyloidosis Action - Expanding the global center network","article_modified_time":"2024-11-21T21:29:03+00:00","og_image":[{"width":863,"height":400,"url":"https:\/\/amyloidosis-center-hub.ime.springerhealthcare.com\/wp-content\/uploads\/2023\/11\/logo-springer.png","type":"image\/png"}],"twitter_card":"summary_large_image","twitter_misc":{"Tiempo de lectura":"1 minuto"},"schema":{"@context":"https:\/\/schema.org","@graph":[{"@type":"WebPage","@id":"https:\/\/amyloidosis-center-hub.ime.springerhealthcare.com\/success-stories\/italy-center\/","url":"https:\/\/amyloidosis-center-hub.ime.springerhealthcare.com\/success-stories\/italy-center\/","name":"The Amyloidosis Research and Treatment Center at Fondazione IRCCS Policlinico San Matteo - Amyloidosis Action - Expanding the global center network","isPartOf":{"@id":"https:\/\/amyloidosis-center-hub.ime.springerhealthcare.com\/#website"},"datePublished":"2024-10-08T14:21:20+00:00","dateModified":"2024-11-21T21:29:03+00:00","breadcrumb":{"@id":"https:\/\/amyloidosis-center-hub.ime.springerhealthcare.com\/success-stories\/italy-center\/#breadcrumb"},"inLanguage":"es","potentialAction":[{"@type":"ReadAction","target":["https:\/\/amyloidosis-center-hub.ime.springerhealthcare.com\/success-stories\/italy-center\/"]}]},{"@type":"BreadcrumbList","@id":"https:\/\/amyloidosis-center-hub.ime.springerhealthcare.com\/success-stories\/italy-center\/#breadcrumb","itemListElement":[{"@type":"ListItem","position":1,"name":"Home","item":"https:\/\/amyloidosis-center-hub.ime.springerhealthcare.com\/"},{"@type":"ListItem","position":2,"name":"Success stories","item":"https:\/\/amyloidosis-center-hub.ime.springerhealthcare.com\/success-stories\/"},{"@type":"ListItem","position":3,"name":"The Amyloidosis Research and Treatment Center at Fondazione IRCCS Policlinico San Matteo"}]},{"@type":"WebSite","@id":"https:\/\/amyloidosis-center-hub.ime.springerhealthcare.com\/#website","url":"https:\/\/amyloidosis-center-hub.ime.springerhealthcare.com\/","name":"Precision Oncology","description":"","publisher":{"@id":"https:\/\/amyloidosis-center-hub.ime.springerhealthcare.com\/#organization"},"potentialAction":[{"@type":"SearchAction","target":{"@type":"EntryPoint","urlTemplate":"https:\/\/amyloidosis-center-hub.ime.springerhealthcare.com\/?s={search_term_string}"},"query-input":{"@type":"PropertyValueSpecification","valueRequired":true,"valueName":"search_term_string"}}],"inLanguage":"es"},{"@type":"Organization","@id":"https:\/\/amyloidosis-center-hub.ime.springerhealthcare.com\/#organization","name":"Springer Healthcare","url":"https:\/\/amyloidosis-center-hub.ime.springerhealthcare.com\/","logo":{"@type":"ImageObject","inLanguage":"es","@id":"https:\/\/amyloidosis-center-hub.ime.springerhealthcare.com\/#\/schema\/logo\/image\/","url":"https:\/\/red11.co.uk\/wp-content\/uploads\/2023\/11\/logo-springer.png","contentUrl":"https:\/\/red11.co.uk\/wp-content\/uploads\/2023\/11\/logo-springer.png","width":863,"height":400,"caption":"Springer Healthcare"},"image":{"@id":"https:\/\/amyloidosis-center-hub.ime.springerhealthcare.com\/#\/schema\/logo\/image\/"}}]}},"_links":{"self":[{"href":"https:\/\/amyloidosis-center-hub.ime.springerhealthcare.com\/es\/wp-json\/wp\/v2\/pages\/572","targetHints":{"allow":["GET"]}}],"collection":[{"href":"https:\/\/amyloidosis-center-hub.ime.springerhealthcare.com\/es\/wp-json\/wp\/v2\/pages"}],"about":[{"href":"https:\/\/amyloidosis-center-hub.ime.springerhealthcare.com\/es\/wp-json\/wp\/v2\/types\/page"}],"author":[{"embeddable":true,"href":"https:\/\/amyloidosis-center-hub.ime.springerhealthcare.com\/es\/wp-json\/wp\/v2\/users\/1"}],"replies":[{"embeddable":true,"href":"https:\/\/amyloidosis-center-hub.ime.springerhealthcare.com\/es\/wp-json\/wp\/v2\/comments?post=572"}],"version-history":[{"count":4,"href":"https:\/\/amyloidosis-center-hub.ime.springerhealthcare.com\/es\/wp-json\/wp\/v2\/pages\/572\/revisions"}],"predecessor-version":[{"id":639,"href":"https:\/\/amyloidosis-center-hub.ime.springerhealthcare.com\/es\/wp-json\/wp\/v2\/pages\/572\/revisions\/639"}],"up":[{"embeddable":true,"href":"https:\/\/amyloidosis-center-hub.ime.springerhealthcare.com\/es\/wp-json\/wp\/v2\/pages\/547"}],"wp:attachment":[{"href":"https:\/\/amyloidosis-center-hub.ime.springerhealthcare.com\/es\/wp-json\/wp\/v2\/media?parent=572"}],"curies":[{"name":"wp","href":"https:\/\/api.w.org\/{rel}","templated":true}]}}