{"id":440,"date":"2024-07-22T14:49:24","date_gmt":"2024-07-22T13:49:24","guid":{"rendered":"https:\/\/amyloidosis-center-hub.ime.springerhealthcare.com\/?page_id=440"},"modified":"2024-07-29T12:37:21","modified_gmt":"2024-07-29T11:37:21","slug":"amyloidosis-centers","status":"publish","type":"page","link":"https:\/\/amyloidosis-center-hub.ime.springerhealthcare.com\/es\/amyloidosis-centers\/","title":{"rendered":"Directorio mundial de centros de amiloidosis"},"content":{"rendered":"<p>Bienvenido al Directorio Global de Centros de Amiloidosis. Estos centros han sido seleccionados por su experiencia en el diagn\u00f3stico de la amiloidosis, su enfoque de equipo multidisciplinar y su investigaci\u00f3n cl\u00ednica activa. Este directorio proporciona una visi\u00f3n general y un buscador de ubicaciones en diferentes regiones, lo que facilita la conexi\u00f3n y el aprendizaje de aquellos que han creado un centro de \u00e9xito y ofrecen una mejor atenci\u00f3n especializada a los pacientes.<\/p>","protected":false},"excerpt":{"rendered":"<p>Welcome to the Global Amyloidosis Center Directory. These centers have been selected for their expertise in diagnosing amyloidosis, multidisciplinary team approach, and active clinical research. This directory provides an overview and a location finder in different regions, making it easy for you to connect with and learn from those who have created a successful center<\/p>","protected":false},"author":1,"featured_media":0,"parent":0,"menu_order":9,"comment_status":"closed","ping_status":"closed","template":"templates\/page-directory.php","meta":{"_acf_changed":false,"footnotes":""},"class_list":["post-440","page","type-page","status-publish","hentry"],"acf":[],"yoast_head":"<!-- This site is optimized with the Yoast SEO plugin v27.4 - https:\/\/yoast.com\/product\/yoast-seo-wordpress\/ -->\n<title>Global Amyloidosis Center Directory - Amyloidosis Action - Expanding the global center network<\/title>\n<meta name=\"robots\" content=\"index, follow, max-snippet:-1, max-image-preview:large, max-video-preview:-1\" \/>\n<link rel=\"canonical\" href=\"https:\/\/amyloidosis-center-hub.ime.springerhealthcare.com\/es\/amyloidosis-centers\/\" \/>\n<meta property=\"og:locale\" content=\"es_ES\" \/>\n<meta property=\"og:type\" content=\"article\" \/>\n<meta property=\"og:title\" content=\"Global Amyloidosis Center Directory - Amyloidosis Action - Expanding the global center network\" \/>\n<meta property=\"og:description\" content=\"Welcome to the Global Amyloidosis Center Directory. These centers have been selected for their expertise in diagnosing amyloidosis, multidisciplinary team approach, and active clinical research. This directory provides an overview and a location finder in different regions, making it easy for you to connect with and learn from those who have created a successful center\" \/>\n<meta property=\"og:url\" content=\"https:\/\/amyloidosis-center-hub.ime.springerhealthcare.com\/es\/amyloidosis-centers\/\" \/>\n<meta property=\"og:site_name\" content=\"Amyloidosis Action - Expanding the global center network\" \/>\n<meta property=\"article:modified_time\" content=\"2024-07-29T11:37:21+00:00\" \/>\n<meta property=\"og:image\" content=\"https:\/\/amyloidosis-center-hub.ime.springerhealthcare.com\/wp-content\/uploads\/2023\/11\/logo-springer.png\" \/>\n\t<meta property=\"og:image:width\" content=\"863\" \/>\n\t<meta property=\"og:image:height\" content=\"400\" \/>\n\t<meta property=\"og:image:type\" content=\"image\/png\" \/>\n<meta name=\"twitter:card\" content=\"summary_large_image\" \/>\n<script type=\"application\/ld+json\" class=\"yoast-schema-graph\">{\"@context\":\"https:\\\/\\\/schema.org\",\"@graph\":[{\"@type\":\"WebPage\",\"@id\":\"https:\\\/\\\/amyloidosis-center-hub.ime.springerhealthcare.com\\\/amyloidosis-centers\\\/\",\"url\":\"https:\\\/\\\/amyloidosis-center-hub.ime.springerhealthcare.com\\\/amyloidosis-centers\\\/\",\"name\":\"Global Amyloidosis Center Directory - Amyloidosis Action - Expanding the global center network\",\"isPartOf\":{\"@id\":\"https:\\\/\\\/amyloidosis-center-hub.ime.springerhealthcare.com\\\/#website\"},\"datePublished\":\"2024-07-22T13:49:24+00:00\",\"dateModified\":\"2024-07-29T11:37:21+00:00\",\"breadcrumb\":{\"@id\":\"https:\\\/\\\/amyloidosis-center-hub.ime.springerhealthcare.com\\\/amyloidosis-centers\\\/#breadcrumb\"},\"inLanguage\":\"es\",\"potentialAction\":[{\"@type\":\"ReadAction\",\"target\":[\"https:\\\/\\\/amyloidosis-center-hub.ime.springerhealthcare.com\\\/amyloidosis-centers\\\/\"]}]},{\"@type\":\"BreadcrumbList\",\"@id\":\"https:\\\/\\\/amyloidosis-center-hub.ime.springerhealthcare.com\\\/amyloidosis-centers\\\/#breadcrumb\",\"itemListElement\":[{\"@type\":\"ListItem\",\"position\":1,\"name\":\"Home\",\"item\":\"https:\\\/\\\/amyloidosis-center-hub.ime.springerhealthcare.com\\\/\"},{\"@type\":\"ListItem\",\"position\":2,\"name\":\"Global Amyloidosis Center Directory\"}]},{\"@type\":\"WebSite\",\"@id\":\"https:\\\/\\\/amyloidosis-center-hub.ime.springerhealthcare.com\\\/#website\",\"url\":\"https:\\\/\\\/amyloidosis-center-hub.ime.springerhealthcare.com\\\/\",\"name\":\"Precision Oncology\",\"description\":\"\",\"publisher\":{\"@id\":\"https:\\\/\\\/amyloidosis-center-hub.ime.springerhealthcare.com\\\/#organization\"},\"potentialAction\":[{\"@type\":\"SearchAction\",\"target\":{\"@type\":\"EntryPoint\",\"urlTemplate\":\"https:\\\/\\\/amyloidosis-center-hub.ime.springerhealthcare.com\\\/?s={search_term_string}\"},\"query-input\":{\"@type\":\"PropertyValueSpecification\",\"valueRequired\":true,\"valueName\":\"search_term_string\"}}],\"inLanguage\":\"es\"},{\"@type\":\"Organization\",\"@id\":\"https:\\\/\\\/amyloidosis-center-hub.ime.springerhealthcare.com\\\/#organization\",\"name\":\"Springer Healthcare\",\"url\":\"https:\\\/\\\/amyloidosis-center-hub.ime.springerhealthcare.com\\\/\",\"logo\":{\"@type\":\"ImageObject\",\"inLanguage\":\"es\",\"@id\":\"https:\\\/\\\/amyloidosis-center-hub.ime.springerhealthcare.com\\\/#\\\/schema\\\/logo\\\/image\\\/\",\"url\":\"https:\\\/\\\/red11.co.uk\\\/wp-content\\\/uploads\\\/2023\\\/11\\\/logo-springer.png\",\"contentUrl\":\"https:\\\/\\\/red11.co.uk\\\/wp-content\\\/uploads\\\/2023\\\/11\\\/logo-springer.png\",\"width\":863,\"height\":400,\"caption\":\"Springer Healthcare\"},\"image\":{\"@id\":\"https:\\\/\\\/amyloidosis-center-hub.ime.springerhealthcare.com\\\/#\\\/schema\\\/logo\\\/image\\\/\"}}]}<\/script>\n<!-- \/ Yoast SEO plugin. -->","yoast_head_json":{"title":"Global Amyloidosis Center Directory - Amyloidosis Action - Expanding the global center network","robots":{"index":"index","follow":"follow","max-snippet":"max-snippet:-1","max-image-preview":"max-image-preview:large","max-video-preview":"max-video-preview:-1"},"canonical":"https:\/\/amyloidosis-center-hub.ime.springerhealthcare.com\/es\/amyloidosis-centers\/","og_locale":"es_ES","og_type":"article","og_title":"Global Amyloidosis Center Directory - Amyloidosis Action - Expanding the global center network","og_description":"Welcome to the Global Amyloidosis Center Directory. These centers have been selected for their expertise in diagnosing amyloidosis, multidisciplinary team approach, and active clinical research. This directory provides an overview and a location finder in different regions, making it easy for you to connect with and learn from those who have created a successful center","og_url":"https:\/\/amyloidosis-center-hub.ime.springerhealthcare.com\/es\/amyloidosis-centers\/","og_site_name":"Amyloidosis Action - Expanding the global center network","article_modified_time":"2024-07-29T11:37:21+00:00","og_image":[{"width":863,"height":400,"url":"https:\/\/amyloidosis-center-hub.ime.springerhealthcare.com\/wp-content\/uploads\/2023\/11\/logo-springer.png","type":"image\/png"}],"twitter_card":"summary_large_image","schema":{"@context":"https:\/\/schema.org","@graph":[{"@type":"WebPage","@id":"https:\/\/amyloidosis-center-hub.ime.springerhealthcare.com\/amyloidosis-centers\/","url":"https:\/\/amyloidosis-center-hub.ime.springerhealthcare.com\/amyloidosis-centers\/","name":"Global Amyloidosis Center Directory - Amyloidosis Action - Expanding the global center network","isPartOf":{"@id":"https:\/\/amyloidosis-center-hub.ime.springerhealthcare.com\/#website"},"datePublished":"2024-07-22T13:49:24+00:00","dateModified":"2024-07-29T11:37:21+00:00","breadcrumb":{"@id":"https:\/\/amyloidosis-center-hub.ime.springerhealthcare.com\/amyloidosis-centers\/#breadcrumb"},"inLanguage":"es","potentialAction":[{"@type":"ReadAction","target":["https:\/\/amyloidosis-center-hub.ime.springerhealthcare.com\/amyloidosis-centers\/"]}]},{"@type":"BreadcrumbList","@id":"https:\/\/amyloidosis-center-hub.ime.springerhealthcare.com\/amyloidosis-centers\/#breadcrumb","itemListElement":[{"@type":"ListItem","position":1,"name":"Home","item":"https:\/\/amyloidosis-center-hub.ime.springerhealthcare.com\/"},{"@type":"ListItem","position":2,"name":"Global Amyloidosis Center Directory"}]},{"@type":"WebSite","@id":"https:\/\/amyloidosis-center-hub.ime.springerhealthcare.com\/#website","url":"https:\/\/amyloidosis-center-hub.ime.springerhealthcare.com\/","name":"Precision Oncology","description":"","publisher":{"@id":"https:\/\/amyloidosis-center-hub.ime.springerhealthcare.com\/#organization"},"potentialAction":[{"@type":"SearchAction","target":{"@type":"EntryPoint","urlTemplate":"https:\/\/amyloidosis-center-hub.ime.springerhealthcare.com\/?s={search_term_string}"},"query-input":{"@type":"PropertyValueSpecification","valueRequired":true,"valueName":"search_term_string"}}],"inLanguage":"es"},{"@type":"Organization","@id":"https:\/\/amyloidosis-center-hub.ime.springerhealthcare.com\/#organization","name":"Springer Healthcare","url":"https:\/\/amyloidosis-center-hub.ime.springerhealthcare.com\/","logo":{"@type":"ImageObject","inLanguage":"es","@id":"https:\/\/amyloidosis-center-hub.ime.springerhealthcare.com\/#\/schema\/logo\/image\/","url":"https:\/\/red11.co.uk\/wp-content\/uploads\/2023\/11\/logo-springer.png","contentUrl":"https:\/\/red11.co.uk\/wp-content\/uploads\/2023\/11\/logo-springer.png","width":863,"height":400,"caption":"Springer Healthcare"},"image":{"@id":"https:\/\/amyloidosis-center-hub.ime.springerhealthcare.com\/#\/schema\/logo\/image\/"}}]}},"_links":{"self":[{"href":"https:\/\/amyloidosis-center-hub.ime.springerhealthcare.com\/es\/wp-json\/wp\/v2\/pages\/440","targetHints":{"allow":["GET"]}}],"collection":[{"href":"https:\/\/amyloidosis-center-hub.ime.springerhealthcare.com\/es\/wp-json\/wp\/v2\/pages"}],"about":[{"href":"https:\/\/amyloidosis-center-hub.ime.springerhealthcare.com\/es\/wp-json\/wp\/v2\/types\/page"}],"author":[{"embeddable":true,"href":"https:\/\/amyloidosis-center-hub.ime.springerhealthcare.com\/es\/wp-json\/wp\/v2\/users\/1"}],"replies":[{"embeddable":true,"href":"https:\/\/amyloidosis-center-hub.ime.springerhealthcare.com\/es\/wp-json\/wp\/v2\/comments?post=440"}],"version-history":[{"count":7,"href":"https:\/\/amyloidosis-center-hub.ime.springerhealthcare.com\/es\/wp-json\/wp\/v2\/pages\/440\/revisions"}],"predecessor-version":[{"id":529,"href":"https:\/\/amyloidosis-center-hub.ime.springerhealthcare.com\/es\/wp-json\/wp\/v2\/pages\/440\/revisions\/529"}],"wp:attachment":[{"href":"https:\/\/amyloidosis-center-hub.ime.springerhealthcare.com\/es\/wp-json\/wp\/v2\/media?parent=440"}],"curies":[{"name":"wp","href":"https:\/\/api.w.org\/{rel}","templated":true}]}}