{"id":143,"date":"2023-04-06T13:26:28","date_gmt":"2023-04-06T12:26:28","guid":{"rendered":"https:\/\/red11.co.uk\/?page_id=143"},"modified":"2024-11-20T21:56:30","modified_gmt":"2024-11-20T21:56:30","slug":"terms-conditions","status":"publish","type":"page","link":"https:\/\/amyloidosis-center-hub.ime.springerhealthcare.com\/es\/terms-conditions\/","title":{"rendered":"T\u00e9rminos y Condiciones"},"content":{"rendered":"<p>\u00ab <a href=\"\/es\/\">Inicio<\/a><\/p>\n<h2>Introducci\u00f3n<\/h2>\n<p>Estos T\u00e9rminos y Condiciones rigen tu uso de nuestro sitio web. Al usar nuestro sitio web, aceptas estos T\u00e9rminos y Condiciones en su totalidad. Si no est\u00e1s de acuerdo con estos T\u00e9rminos y Condiciones o con alguna parte de ellos, no debes usar nuestro sitio web. No reconocemos ning\u00fan t\u00e9rmino y condici\u00f3n contradictorio o diferente, a menos que hayamos acordado espec\u00edficamente lo contrario por escrito.<\/p>\n<p>Debe tener al menos 18 a\u00f1os para usar nuestro sitio web. Al utilizar nuestro sitio web y aceptar estos T\u00e9rminos y Condiciones, usted garantiza y declara que tiene al menos 18 a\u00f1os de edad.<\/p>\n<p>Nuestro sitio web utiliza cookies. Al utilizar nuestro sitio web y aceptar estos T\u00e9rminos y Condiciones, usted consiente nuestro uso de cookies de acuerdo con los t\u00e9rminos de nuestra <a href=\"https:\/\/privacy.springerhealthcare.com\/ime\/\" target=\"_blank\">pol\u00edtica de privacidad<\/a>.<\/p>\n<h2>Cambios en nuestros T\u00e9rminos y Condiciones<\/h2>\n<p>Estos T\u00e9rminos y Condiciones pueden ser actualizados en cualquier momento. Si se realiza un cambio significativo en los T\u00e9rminos y Condiciones, se le informar\u00e1 mediante una notificaci\u00f3n en este sitio web. Por ello, revise los T\u00e9rminos y Condiciones regularmente, ya que usted es responsable de revisar nuestro sitio web regularmente para asegurar una notificaci\u00f3n oportuna de cualquier actualizaci\u00f3n a nuestros T\u00e9rminos y Condiciones.<\/p>\n<p>Ten en cuenta que si contin\u00faas usando el sitio web despu\u00e9s de que se hayan actualizado los T\u00e9rminos y Condiciones, tu uso continuado actuar\u00e1 como notificaci\u00f3n y aceptaci\u00f3n de cualquier cambio. Por lo tanto, si no est\u00e1s de acuerdo con los cambios, debes dejar de usar el sitio web inmediatamente.<\/p>\n<p>Los T\u00e9rminos y Condiciones que se aplican a su uso de nuestro sitio web son aquellos que est\u00e9n vigentes en el momento de acceder o utilizar nuestro sitio web; a menos que la ley o una autoridad gubernamental exijan la realizaci\u00f3n de cambios en estos T\u00e9rminos y Condiciones. En tales casos, los T\u00e9rminos y Condiciones que se aplican son aquellos en la medida en que dichos cambios tengan efecto retroactivo en la ley.\u00a0<\/p>\n<p>Los siguientes T\u00e9rminos y Condiciones continuar\u00e1n vigentes, incluso despu\u00e9s de que su acceso de usuario expire o sea cancelado:<\/p>\n<h2>Licencia para usar el sitio web<\/h2>\n<p>Todos los derechos de autor, derechos de propiedad y otros derechos de terceros sobre el sitio web y su contenido siguen siendo propiedad exclusiva de sus respectivos titulares y est\u00e1n protegidos en consecuencia. Sujeto a la licencia que se indica a continuaci\u00f3n, todos estos derechos de propiedad intelectual quedan reservados.<\/p>\n<p>Puede ver, descargar para fines de almacenamiento en cach\u00e9 \u00fanicamente, e imprimir p\u00e1ginas de este sitio web para su uso personal, sujeto a las restricciones establecidas a continuaci\u00f3n y en otras partes de estos T\u00e9rminos y Condiciones.<\/p>\n<p>No debes:<\/p>\n<ul>\n<li>Excepto con nuestra aprobaci\u00f3n previa por escrito, republicar material de este sitio web (incluida la republicaci\u00f3n en otro sitio web);<\/li>\n<li>vender, alquilar o sublicenciar material del sitio web;<\/li>\n<li>mostrar cualquier material del sitio web en p\u00fablico;<\/li>\n<li>reproducir, duplicar, copiar o explotar de cualquier otra forma material de nuestro sitio web para un fin comercial;<\/li>\n<li>editar o modificar de cualquier otro modo el material del sitio web; o<\/li>\n<li>redistribuir material de este sitio web (excepto el contenido puesto a disposici\u00f3n espec\u00edficamente y expresamente para su redistribuci\u00f3n).<\/li>\n<\/ul>\n<h2>Uso aceptable<\/h2>\n<p>Puede usar el sitio web, el contenido y los servicios para fines leg\u00edtimos, personales y no comerciales \u00fanicamente, seg\u00fan se describe en estos T\u00e9rminos y Condiciones.\u00a0<\/p>\n<p>No debe usar nuestro sitio web de ninguna manera que cause, o pueda causar, da\u00f1o al sitio web o menoscabo de la disponibilidad o accesibilidad del sitio web; o de ninguna manera que sea ilegal, il\u00edcita, fraudulenta o perjudicial, o en conexi\u00f3n con cualquier prop\u00f3sito o actividad ilegal, il\u00edcita, fraudulenta o perjudicial.<\/p>\n<p>No debes usar nuestro sitio web para copiar, vender, revender, almacenar, alojar, transmitir, enviar, usar, publicar o distribuir ning\u00fan material que consista en (o est\u00e9 vinculado a) spyware, virus inform\u00e1tico, caballo de Troya, gusano, registrador de pulsaciones de teclas, rootkit o cualquier otro software malicioso.<\/p>\n<p>No debe realizar ninguna actividad de recopilaci\u00f3n de datos sistem\u00e1tica o automatizada (incluyendo, sin limitaci\u00f3n, raspado, miner\u00eda de datos, extracci\u00f3n de datos y cosecha de datos) en o en relaci\u00f3n con nuestro sitio web sin nuestro consentimiento expreso por escrito.<\/p>\n<p>No debe usar nuestro sitio web para transmitir o enviar comunicaciones comerciales no solicitadas.<\/p>\n<p>No debe utilizar nuestro sitio web para fines relacionados con marketing sin nuestro consentimiento expreso por escrito.<\/p>\n<h2>Acceso restringido<\/h2>\n<p>El acceso a ciertas \u00e1reas de nuestro sitio web est\u00e1 restringido. Nos reservamos el derecho de restringir el acceso a otras \u00e1reas de nuestro sitio web, o incluso a todo nuestro sitio web, a nuestra discreci\u00f3n.<\/p>\n<p>Si le proporcionamos o usted genera una identificaci\u00f3n de usuario y una contrase\u00f1a para permitirle acceder a \u00e1reas restringidas de nuestro sitio web u otro contenido o servicios, debe asegurarse de que la contrase\u00f1a se mantenga segura y confidencial.<\/p>\n<p>Debe notificarnos por escrito de inmediato si tiene conocimiento de cualquier uso no autorizado de su cuenta o contrase\u00f1a.<\/p>\n<p>Usted es responsable de cualquier actividad en nuestro sitio web que surja de cualquier incumplimiento en mantener su contrase\u00f1a confidencial y puede ser considerado responsable de cualquier p\u00e9rdida derivada de dicho incumplimiento.<\/p>\n<p>No debes usar el ID de usuario y la contrase\u00f1a de ninguna otra persona para acceder a nuestro sitio web.<\/p>\n<p>Podemos deshabilitar tu nombre de usuario y contrase\u00f1a en cualquier momento a nuestra entera discreci\u00f3n, con o sin previo aviso o explicaci\u00f3n.<\/p>\n<h2>Cambios en el sitio web<\/h2>\n<p>Podemos, en cualquier momento y de vez en cuando, a\u00f1adir, reemplazar, modificar o descontinuar, temporal o permanentemente, el sitio web con o sin previo aviso.\u00a0<\/p>\n<p>Podemos cancelar o suspender su acceso al sitio web con efecto inmediato a nuestra entera discreci\u00f3n y sin previo aviso si usted incumple estos T\u00e9rminos y Condiciones. Eliminaremos cualquier material que infrinja estos T\u00e9rminos y Condiciones o nuestro Aviso de Privacidad.<\/p>\n<h2>Contenido del usuario<\/h2>\n<p>En estos T\u00e9rminos y Condiciones, \u201ctu contenido\u201d significa cualquier material (incluyendo, sin limitaci\u00f3n, texto, im\u00e1genes, material de audio, material de video y material audiovisual) que env\u00edes a nuestro sitio web, para cualquier prop\u00f3sito.<\/p>\n<p>Usted otorga a Springer Healthcare Ltd. y a nuestros socios una licencia mundial, irrevocable, no exclusiva y libre de regal\u00edas para usar, reproducir, adaptar, publicar, traducir y distribuir su contenido en cualquier medio existente o futuro. Usted tambi\u00e9n nos otorga el derecho de sublicenciar estos derechos y el derecho de iniciar acciones legales por infracci\u00f3n de estos derechos.<\/p>\n<p>Usted garantiza y declara que su contenido cumplir\u00e1 con estos T\u00e9rminos y Condiciones.<\/p>\n<p>Su contenido no debe ser ofensivo, obsceno, ilegal, il\u00edcito o una infracci\u00f3n de los derechos legales de terceros y no debe ser capaz de dar lugar a acciones legales, ya sea contra usted o contra nosotros, o contra un tercero (en cada caso seg\u00fan la ley aplicable).<\/p>\n<p>No debes enviar ning\u00fan contenido al sitio web que sea o haya sido objeto de procedimientos legales amenazados o reales u otras quejas similares.<\/p>\n<p>Nos reservamos el derecho de editar o eliminar cualquier material enviado a nuestro sitio web, o almacenado en nuestros servidores, o alojado o publicado en nuestro sitio web.<\/p>\n<p>No obstante nuestros derechos bajo estos T\u00e9rminos y Condiciones en relaci\u00f3n con su contenido, no nos comprometemos a supervisar la presentaci\u00f3n de dicho contenido en nuestro sitio web, ni su publicaci\u00f3n en el mismo.<\/p>\n<h2>Garant\u00edas limitadas<\/h2>\n<p>No garantizamos la exhaustividad ni la exactitud de la informaci\u00f3n publicada en este sitio web, ni nos comprometemos a garantizar que el sitio web permanezca disponible o que el material del sitio web se mantenga actualizado. En particular, no garantizamos que las funciones contenidas en el material contenido en este sitio web sean ininterrumpidas o est\u00e9n libres de errores, que los defectos se corrijan, o que este sitio web o el servidor que lo pone a disposici\u00f3n est\u00e9n libres de virus o errores, o que representen la funcionalidad completa, exactitud y fiabilidad de los materiales.<\/p>\n<p>En lo que respecta a la informaci\u00f3n y los productos ofrecidos por terceros, solo proporcionamos la plataforma t\u00e9cnica. Dicho contenido u ofertas puestas a su disposici\u00f3n por terceros son propiedad de sus respectivos creadores, autores o distribuidores y no nuestros. Por lo tanto, para evitar dudas, no somos, en ninguna circunstancia, responsables de la exactitud o fiabilidad de dicho contenido, informaci\u00f3n u ofertas. En particular, salvo lo dispuesto en estos T\u00e9rminos y Condiciones, no aceptamos ninguna responsabilidad por cualquier p\u00e9rdida o da\u00f1o en que pueda incurrir al confiar en dicha informaci\u00f3n.\u00a0<\/p>\n<p>En la m\u00e1xima medida permitida por la ley aplicable, excluimos todas las representaciones, garant\u00edas y condiciones relativas a este sitio web y al uso de este sitio web (incluyendo, sin limitaci\u00f3n, cualquier garant\u00eda impl\u00edcita por ley con respecto a la calidad satisfactoria, idoneidad para el prop\u00f3sito y\/o el uso de atenci\u00f3n y habilidad razonables).<\/p>\n<h2>Limitaciones y exclusiones de responsabilidad<\/h2>\n<p>Nada en estos T\u00e9rminos y Condiciones: (a) limitar\u00e1 o excluir\u00e1 nuestra o su responsabilidad por muerte o lesiones personales resultantes de negligencia; (b) limitar\u00e1 o excluir\u00e1 nuestra o su responsabilidad por fraude o tergiversaci\u00f3n fraudulenta; (c) limitar\u00e1 alguna de nuestras o sus responsabilidades de cualquier manera que no est\u00e9 permitida por la ley aplicable; o (d) excluir\u00e1 alguna de nuestras o sus responsabilidades que no puedan ser excluidas por la ley aplicable.<\/p>\n<p>Las limitaciones y exclusiones de responsabilidad establecidas en esta secci\u00f3n y en otras partes de los presentes T\u00e9rminos y Condiciones: (a) est\u00e1n sujetas al p\u00e1rrafo anterior; y (b) rigen todas las responsabilidades que surjan en virtud de los presentes T\u00e9rminos y Condiciones o en relaci\u00f3n con el objeto de los presentes T\u00e9rminos y Condiciones, incluidas las responsabilidades que surjan en virtud de un contrato, un agravio (incluida la negligencia) y por incumplimiento de un deber legal.<\/p>\n<p>En la medida en que el sitio web y la informaci\u00f3n y los servicios del sitio web se proporcionen de forma gratuita, no seremos responsables de ninguna p\u00e9rdida o da\u00f1o de ning\u00fan tipo.<\/p>\n<p>No seremos responsables ante usted por ninguna p\u00e9rdida que surja de cualquier evento o eventos fuera de nuestro control razonable.<\/p>\n<p>No tendremos responsabilidad alguna ante usted con respecto a p\u00e9rdidas comerciales, incluidas, entre otras, la p\u00e9rdida o el da\u00f1o de beneficios, ingresos, rentas, uso, producci\u00f3n, ahorros anticipados, negocios, contratos, oportunidades comerciales o fondos de comercio.<\/p>\n<p>No seremos responsables ante usted por ninguna p\u00e9rdida o corrupci\u00f3n de datos, bases de datos o software.<\/p>\n<p>No seremos responsables ante usted por ninguna p\u00e9rdida o da\u00f1o especial, indirecto o consecuente.<\/p>\n<h2>Indemnizaci\u00f3n<\/h2>\n<p>Por la presente nos indemniza y se compromete a mantenernos indemnizados frente a cualesquiera p\u00e9rdidas, da\u00f1os, costes, responsabilidades y gastos (incluidos, entre otros, los gastos legales y cualesquiera sumas pagadas por nosotros a un tercero en concepto de resoluci\u00f3n de una reclamaci\u00f3n o disputa por consejo de nuestros asesores legales) en que incurramos o suframos como consecuencia de cualquier incumplimiento por su parte de alguna disposici\u00f3n de estas Condiciones, o como consecuencia de cualquier reclamaci\u00f3n de que ha incumplido alguna disposici\u00f3n de estas Condiciones.<\/p>\n<h2>Incumplimientos de estos T\u00e9rminos y Condiciones<\/h2>\n<p>Sin perjuicio de nuestros otros derechos en virtud de estos T\u00e9rminos y Condiciones, si usted incumple estos T\u00e9rminos y Condiciones de cualquier forma, podemos tomar las medidas que consideremos apropiadas para abordar el incumplimiento, incluida la suspensi\u00f3n de su acceso al sitio web, la prohibici\u00f3n de acceder al sitio web, el bloqueo de computadoras que utilicen su direcci\u00f3n IP para acceder al sitio web, la comunicaci\u00f3n con su proveedor de servicios de Internet para solicitar que bloqueen su acceso al sitio web o la interposici\u00f3n de acciones judiciales contra usted.<\/p>\n<h2>Variaci\u00f3n<\/h2>\n<p>Podemos revisar estos T\u00e9rminos y Condiciones de vez en cuando. Los T\u00e9rminos y Condiciones revisados se aplicar\u00e1n al uso de nuestro sitio web a partir de la fecha de publicaci\u00f3n de los T\u00e9rminos y Condiciones revisados en nuestro sitio web.<\/p>\n<h2>Tarea<\/h2>\n<p>Podemos ceder, subcontratar o tratar de otro modo nuestros derechos u obligaciones en virtud de estos T\u00e9rminos y Condiciones sin notific\u00e1rselo ni obtener su consentimiento.<\/p>\n<p>No podr\u00e1 transferir, subcontratar ni ceder de otro modo sus derechos u obligaciones en virtud de estas Condiciones Generales.<\/p>\n<h2>Separabilidad<\/h2>\n<p>Si una disposici\u00f3n de estos T\u00e9rminos y Condiciones fuera determinada por un tribunal u otra autoridad competente como ilegal y\/o inejecutable, las dem\u00e1s disposiciones continuar\u00e1n en vigor. Si una disposici\u00f3n ilegal y\/o inejecutable fuera legal o ejecutable si se suprimiera parte de ella, esa parte se considerar\u00e1 suprimida, y el resto de la disposici\u00f3n continuar\u00e1 en vigor.<\/p>\n<p>Exclusi\u00f3n de derechos de terceros<\/p>\n<p>Estos T\u00e9rminos y Condiciones son para beneficio tuyo y nuestro, y no pretenden beneficiar a ning\u00fan tercero ni ser exigibles por ning\u00fan tercero. El ejercicio de nuestros y tus derechos en relaci\u00f3n con estos T\u00e9rminos y Condiciones no est\u00e1 sujeto al consentimiento de ning\u00fan tercero.<\/p>\n<h2>Acuerdo completo<\/h2>\n<p>Estos T\u00e9rminos y Condiciones, junto con nuestra pol\u00edtica de privacidad y pol\u00edtica de cookies, constituyen el acuerdo completo entre usted y nosotros en relaci\u00f3n con su uso de nuestro sitio web y reemplazan todos los acuerdos previos con respecto a su uso de nuestro sitio web.<\/p>\n<h2>Derecho y jurisdicci\u00f3n<\/h2>\n<p>Estos T\u00e9rminos y Condiciones se regir\u00e1n e interpretar\u00e1n de acuerdo con la ley inglesa, y cualquier disputa relativa a estos T\u00e9rminos y Condiciones estar\u00e1 sujeta a la jurisdicci\u00f3n exclusiva de los tribunales de Inglaterra y Gales.<\/p>\n<h2>Nuestros detalles<\/h2>\n<p>El nombre completo de nuestra empresa es Springer Healthcare Limited.<\/p>\n<p>Estamos registrados en Inglaterra y Gales bajo el n\u00famero de registro 06032554.<\/p>\n<p>Nuestra direcci\u00f3n registrada es The Campus, 4 Crinan Street, Londres N1 9XW.<\/p>\n<p>Puedes contactarnos por correo electr\u00f3nico a <a href=\"mailto:IME@springer.com\" target=\"_blank\">IME@springer.com<\/a><\/p>\n<p>Esta pol\u00edtica se actualiz\u00f3 por \u00faltima vez el 12 de mayo de 2023.<\/p>\n<p>\u00ab <a href=\"\/es\/\">Inicio<\/a><\/p>","protected":false},"excerpt":{"rendered":"<p>&laquo; Home Introduction These Terms and Conditions govern your use of our website. By using our website, you agree to these Terms and Conditions in full. If you disagree with these Terms and Conditions or any part of these Terms and Conditions, you must not use our website. We do not recognise any conflicting or<\/p>","protected":false},"author":1,"featured_media":0,"parent":0,"menu_order":18,"comment_status":"closed","ping_status":"closed","template":"templates\/page-terms.php","meta":{"_acf_changed":false,"footnotes":""},"class_list":["post-143","page","type-page","status-publish","hentry"],"acf":[],"yoast_head":"<!-- This site is optimized with the Yoast SEO plugin v27.4 - https:\/\/yoast.com\/product\/yoast-seo-wordpress\/ -->\n<title>Terms &amp; Conditions - Amyloidosis Action - Expanding the global center network<\/title>\n<meta name=\"robots\" content=\"index, follow, max-snippet:-1, max-image-preview:large, max-video-preview:-1\" \/>\n<link rel=\"canonical\" href=\"https:\/\/amyloidosis-center-hub.ime.springerhealthcare.com\/es\/terms-conditions\/\" \/>\n<meta property=\"og:locale\" content=\"es_ES\" \/>\n<meta property=\"og:type\" content=\"article\" \/>\n<meta property=\"og:title\" content=\"Terms &amp; Conditions - Amyloidosis Action - Expanding the global center network\" \/>\n<meta property=\"og:description\" content=\"&laquo; Home Introduction These Terms and Conditions govern your use of our website. By using our website, you agree to these Terms and Conditions in full. If you disagree with these Terms and Conditions or any part of these Terms and Conditions, you must not use our website. We do not recognise any conflicting or\" \/>\n<meta property=\"og:url\" content=\"https:\/\/amyloidosis-center-hub.ime.springerhealthcare.com\/es\/terms-conditions\/\" \/>\n<meta property=\"og:site_name\" content=\"Amyloidosis Action - Expanding the global center network\" \/>\n<meta property=\"article:modified_time\" content=\"2024-11-20T21:56:30+00:00\" \/>\n<meta property=\"og:image\" content=\"https:\/\/amyloidosis-center-hub.ime.springerhealthcare.com\/wp-content\/uploads\/2023\/11\/logo-springer.png\" \/>\n\t<meta property=\"og:image:width\" content=\"863\" \/>\n\t<meta property=\"og:image:height\" content=\"400\" \/>\n\t<meta property=\"og:image:type\" content=\"image\/png\" \/>\n<meta name=\"twitter:card\" content=\"summary_large_image\" \/>\n<meta name=\"twitter:label1\" content=\"Tiempo de lectura\" \/>\n\t<meta name=\"twitter:data1\" content=\"10 minutos\" \/>\n<script type=\"application\/ld+json\" class=\"yoast-schema-graph\">{\"@context\":\"https:\\\/\\\/schema.org\",\"@graph\":[{\"@type\":\"WebPage\",\"@id\":\"https:\\\/\\\/amyloidosis-center-hub.ime.springerhealthcare.com\\\/terms-conditions\\\/\",\"url\":\"https:\\\/\\\/amyloidosis-center-hub.ime.springerhealthcare.com\\\/terms-conditions\\\/\",\"name\":\"Terms & Conditions - Amyloidosis Action - Expanding the global center network\",\"isPartOf\":{\"@id\":\"https:\\\/\\\/amyloidosis-center-hub.ime.springerhealthcare.com\\\/#website\"},\"datePublished\":\"2023-04-06T12:26:28+00:00\",\"dateModified\":\"2024-11-20T21:56:30+00:00\",\"breadcrumb\":{\"@id\":\"https:\\\/\\\/amyloidosis-center-hub.ime.springerhealthcare.com\\\/terms-conditions\\\/#breadcrumb\"},\"inLanguage\":\"es\",\"potentialAction\":[{\"@type\":\"ReadAction\",\"target\":[\"https:\\\/\\\/amyloidosis-center-hub.ime.springerhealthcare.com\\\/terms-conditions\\\/\"]}]},{\"@type\":\"BreadcrumbList\",\"@id\":\"https:\\\/\\\/amyloidosis-center-hub.ime.springerhealthcare.com\\\/terms-conditions\\\/#breadcrumb\",\"itemListElement\":[{\"@type\":\"ListItem\",\"position\":1,\"name\":\"Home\",\"item\":\"https:\\\/\\\/amyloidosis-center-hub.ime.springerhealthcare.com\\\/\"},{\"@type\":\"ListItem\",\"position\":2,\"name\":\"Terms &#038; Conditions\"}]},{\"@type\":\"WebSite\",\"@id\":\"https:\\\/\\\/amyloidosis-center-hub.ime.springerhealthcare.com\\\/#website\",\"url\":\"https:\\\/\\\/amyloidosis-center-hub.ime.springerhealthcare.com\\\/\",\"name\":\"Precision Oncology\",\"description\":\"\",\"publisher\":{\"@id\":\"https:\\\/\\\/amyloidosis-center-hub.ime.springerhealthcare.com\\\/#organization\"},\"potentialAction\":[{\"@type\":\"SearchAction\",\"target\":{\"@type\":\"EntryPoint\",\"urlTemplate\":\"https:\\\/\\\/amyloidosis-center-hub.ime.springerhealthcare.com\\\/?s={search_term_string}\"},\"query-input\":{\"@type\":\"PropertyValueSpecification\",\"valueRequired\":true,\"valueName\":\"search_term_string\"}}],\"inLanguage\":\"es\"},{\"@type\":\"Organization\",\"@id\":\"https:\\\/\\\/amyloidosis-center-hub.ime.springerhealthcare.com\\\/#organization\",\"name\":\"Springer Healthcare\",\"url\":\"https:\\\/\\\/amyloidosis-center-hub.ime.springerhealthcare.com\\\/\",\"logo\":{\"@type\":\"ImageObject\",\"inLanguage\":\"es\",\"@id\":\"https:\\\/\\\/amyloidosis-center-hub.ime.springerhealthcare.com\\\/#\\\/schema\\\/logo\\\/image\\\/\",\"url\":\"https:\\\/\\\/red11.co.uk\\\/wp-content\\\/uploads\\\/2023\\\/11\\\/logo-springer.png\",\"contentUrl\":\"https:\\\/\\\/red11.co.uk\\\/wp-content\\\/uploads\\\/2023\\\/11\\\/logo-springer.png\",\"width\":863,\"height\":400,\"caption\":\"Springer Healthcare\"},\"image\":{\"@id\":\"https:\\\/\\\/amyloidosis-center-hub.ime.springerhealthcare.com\\\/#\\\/schema\\\/logo\\\/image\\\/\"}}]}<\/script>\n<!-- \/ Yoast SEO plugin. -->","yoast_head_json":{"title":"Terms & Conditions - Amyloidosis Action - Expanding the global center network","robots":{"index":"index","follow":"follow","max-snippet":"max-snippet:-1","max-image-preview":"max-image-preview:large","max-video-preview":"max-video-preview:-1"},"canonical":"https:\/\/amyloidosis-center-hub.ime.springerhealthcare.com\/es\/terms-conditions\/","og_locale":"es_ES","og_type":"article","og_title":"Terms & Conditions - Amyloidosis Action - Expanding the global center network","og_description":"&laquo; Home Introduction These Terms and Conditions govern your use of our website. By using our website, you agree to these Terms and Conditions in full. If you disagree with these Terms and Conditions or any part of these Terms and Conditions, you must not use our website. We do not recognise any conflicting or","og_url":"https:\/\/amyloidosis-center-hub.ime.springerhealthcare.com\/es\/terms-conditions\/","og_site_name":"Amyloidosis Action - Expanding the global center network","article_modified_time":"2024-11-20T21:56:30+00:00","og_image":[{"width":863,"height":400,"url":"https:\/\/amyloidosis-center-hub.ime.springerhealthcare.com\/wp-content\/uploads\/2023\/11\/logo-springer.png","type":"image\/png"}],"twitter_card":"summary_large_image","twitter_misc":{"Tiempo de lectura":"10 minutos"},"schema":{"@context":"https:\/\/schema.org","@graph":[{"@type":"WebPage","@id":"https:\/\/amyloidosis-center-hub.ime.springerhealthcare.com\/terms-conditions\/","url":"https:\/\/amyloidosis-center-hub.ime.springerhealthcare.com\/terms-conditions\/","name":"Terms & Conditions - Amyloidosis Action - Expanding the global center network","isPartOf":{"@id":"https:\/\/amyloidosis-center-hub.ime.springerhealthcare.com\/#website"},"datePublished":"2023-04-06T12:26:28+00:00","dateModified":"2024-11-20T21:56:30+00:00","breadcrumb":{"@id":"https:\/\/amyloidosis-center-hub.ime.springerhealthcare.com\/terms-conditions\/#breadcrumb"},"inLanguage":"es","potentialAction":[{"@type":"ReadAction","target":["https:\/\/amyloidosis-center-hub.ime.springerhealthcare.com\/terms-conditions\/"]}]},{"@type":"BreadcrumbList","@id":"https:\/\/amyloidosis-center-hub.ime.springerhealthcare.com\/terms-conditions\/#breadcrumb","itemListElement":[{"@type":"ListItem","position":1,"name":"Home","item":"https:\/\/amyloidosis-center-hub.ime.springerhealthcare.com\/"},{"@type":"ListItem","position":2,"name":"Terms &#038; Conditions"}]},{"@type":"WebSite","@id":"https:\/\/amyloidosis-center-hub.ime.springerhealthcare.com\/#website","url":"https:\/\/amyloidosis-center-hub.ime.springerhealthcare.com\/","name":"Precision Oncology","description":"","publisher":{"@id":"https:\/\/amyloidosis-center-hub.ime.springerhealthcare.com\/#organization"},"potentialAction":[{"@type":"SearchAction","target":{"@type":"EntryPoint","urlTemplate":"https:\/\/amyloidosis-center-hub.ime.springerhealthcare.com\/?s={search_term_string}"},"query-input":{"@type":"PropertyValueSpecification","valueRequired":true,"valueName":"search_term_string"}}],"inLanguage":"es"},{"@type":"Organization","@id":"https:\/\/amyloidosis-center-hub.ime.springerhealthcare.com\/#organization","name":"Springer Healthcare","url":"https:\/\/amyloidosis-center-hub.ime.springerhealthcare.com\/","logo":{"@type":"ImageObject","inLanguage":"es","@id":"https:\/\/amyloidosis-center-hub.ime.springerhealthcare.com\/#\/schema\/logo\/image\/","url":"https:\/\/red11.co.uk\/wp-content\/uploads\/2023\/11\/logo-springer.png","contentUrl":"https:\/\/red11.co.uk\/wp-content\/uploads\/2023\/11\/logo-springer.png","width":863,"height":400,"caption":"Springer Healthcare"},"image":{"@id":"https:\/\/amyloidosis-center-hub.ime.springerhealthcare.com\/#\/schema\/logo\/image\/"}}]}},"_links":{"self":[{"href":"https:\/\/amyloidosis-center-hub.ime.springerhealthcare.com\/es\/wp-json\/wp\/v2\/pages\/143","targetHints":{"allow":["GET"]}}],"collection":[{"href":"https:\/\/amyloidosis-center-hub.ime.springerhealthcare.com\/es\/wp-json\/wp\/v2\/pages"}],"about":[{"href":"https:\/\/amyloidosis-center-hub.ime.springerhealthcare.com\/es\/wp-json\/wp\/v2\/types\/page"}],"author":[{"embeddable":true,"href":"https:\/\/amyloidosis-center-hub.ime.springerhealthcare.com\/es\/wp-json\/wp\/v2\/users\/1"}],"replies":[{"embeddable":true,"href":"https:\/\/amyloidosis-center-hub.ime.springerhealthcare.com\/es\/wp-json\/wp\/v2\/comments?post=143"}],"version-history":[{"count":7,"href":"https:\/\/amyloidosis-center-hub.ime.springerhealthcare.com\/es\/wp-json\/wp\/v2\/pages\/143\/revisions"}],"predecessor-version":[{"id":625,"href":"https:\/\/amyloidosis-center-hub.ime.springerhealthcare.com\/es\/wp-json\/wp\/v2\/pages\/143\/revisions\/625"}],"wp:attachment":[{"href":"https:\/\/amyloidosis-center-hub.ime.springerhealthcare.com\/es\/wp-json\/wp\/v2\/media?parent=143"}],"curies":[{"name":"wp","href":"https:\/\/api.w.org\/{rel}","templated":true}]}}